{"id":1828,"date":"2024-07-28T19:50:14","date_gmt":"2024-07-28T19:50:14","guid":{"rendered":"https:\/\/dentiste-compiegne-abou-rabii.fr\/impressum\/"},"modified":"2025-10-30T09:34:19","modified_gmt":"2025-10-30T09:34:19","slug":"impressum","status":"publish","type":"page","link":"https:\/\/dentiste-compiegne-abou-rabii.fr\/de\/impressum\/","title":{"rendered":"Impressum"},"content":{"rendered":"\n<p>Die Nutzung dieser Website setzt die uneingeschr\u00e4nkte Akzeptanz der folgenden Bestimmungen voraus.<\/p>\n\n<h2 class=\"wp-block-heading\">Impressum<\/h2>\n\n<p>Die Website ist Eigentum von Dr. Abou Rabii Iyad, Zahnarzt, registriert im gemeinsamen Verzeichnis der Gesundheitsberufe (RPPS) unter der Nummer 10100867984.<\/p>\n\n<h2 class=\"wp-block-heading\">Sitz der Gesellschaft<\/h2>\n\n<p>Dr. Abou Rabii Iyad<\/p>\n\n<p>7 Pl. de Choiseul<\/p>\n\n<p>60200 Compi\u00e8gne, Frankreich<\/p>\n\n<p>Tel. : +33 3 44 23 09 23<\/p>\n\n<p>APE: Zahnarztpraxis<\/p>\n\n<p>SIREN: 81875558900046<\/p>\n\n<h2 class=\"wp-block-heading\">Website-Entwicklung<\/h2>\n\n<p>Die Website <a href=\"https:\/\/dentiste-compiegne-abou-rabii.fr\/de\/\">https:\/\/dentiste-compiegne-abou-rabii.fr<\/a> wird von der Firma <strong>Mediweb<\/strong> entwickelt und gewartet. <\/p>\n\n<p>Mediweb<br\/>13, rue de Lattre de Tassigny<br\/>67300 Schiltigheim<\/p>\n\n<p><a href=\"https:\/\/mediweb.fr\/\" target=\"_blank\" rel=\"noreferrer noopener nofollow\">www.mediweb.fr<\/a><\/p>\n\n<h2 class=\"wp-block-heading\">Website-Hosting<\/h2>\n\n<p>Die Website <a href=\"https:\/\/dentiste-compiegne-abou-rabii.fr\/de\/\">https:\/\/dentiste-compiegne-abou-rabii.fr<\/a> wird von der Firma gehostet:<\/p>\n\n<p>Hetzner Online GmbH<br\/>Industriestr. 25<br\/>91710 Gunzenhausen<br\/>Deutschland <\/p>\n\n<h2 class=\"wp-block-heading\">Herausgeber der Website<\/h2>\n\n<p>Der Inhalt der Website <a href=\"https:\/\/dentiste-compiegne-abou-rabii.fr\/de\/\">https:\/\/dentiste-compiegne-abou-rabii.fr<\/a> wird von Dr. Abou Rabii Iyad herausgegeben, der die Rolle des Publikationsleiters innehat.<\/p>\n\n<h2 class=\"wp-block-heading\">Geistiges Eigentum<\/h2>\n\n<p>Dr. Abou Rabii Iyad ist Eigent\u00fcmer der Struktur und aller verf\u00fcgbaren Inhalte der Website <a href=\"https:\/\/dentiste-compiegne-abou-rabii.fr\/de\/\">https:\/\/dentiste-compiegne-abou-rabii.fr<\/a>: Texte, Bilder, Illustrationen, Logos, Dateien und Datenbanken. Jede vollst\u00e4ndige oder teilweise Vervielf\u00e4ltigung oder Verbreitung ohne vorherige Genehmigung ist strengstens untersagt. <\/p>\n\n<h2 class=\"wp-block-heading\">Links<\/h2>\n\n<p>Franz\u00f6sische Zahn\u00e4rztekammer (ONCD): <a href=\"https:\/\/www.ordre-chirurgiens-dentistes.fr\/\" target=\"_blank\" rel=\"noreferrer noopener nofollow\">www.ordre-chirurgiens-dentistes.fr<\/a><\/p>\n","protected":false},"excerpt":{"rendered":"<p>Die Nutzung dieser Website setzt die uneingeschr\u00e4nkte Akzeptanz der folgenden Bestimmungen voraus. Impressum Die Website ist Eigentum von Dr. Abou Rabii Iyad, Zahnarzt, registriert im gemeinsamen Verzeichnis der Gesundheitsberufe (RPPS) unter der Nummer 10100867984. Sitz der Gesellschaft Dr. Abou Rabii Iyad 7 Pl. de Choiseul 60200 Compi\u00e8gne, Frankreich Tel. : +33 3 44 23 09 <a href=\"https:\/\/dentiste-compiegne-abou-rabii.fr\/de\/impressum\/\">Read More&#8230;<\/a><\/p>\n","protected":false},"author":1,"featured_media":1827,"parent":0,"menu_order":29,"comment_status":"closed","ping_status":"closed","template":"page-content.php","meta":{"_acf_changed":false,"inline_featured_image":false,"footnotes":""},"class_list":["post-1828","page","type-page","status-publish","has-post-thumbnail","hentry"],"acf":[],"yoast_head":"<!-- This site is optimized with the Yoast SEO plugin v26.9 - https:\/\/yoast.com\/product\/yoast-seo-wordpress\/ -->\n<title>Impressum | Zahn\u00e4rzte in Compi\u00e8gne (60200)<\/title>\n<meta name=\"description\" content=\"Finden Sie die rechtlichen Informationen zur Zahnarztpraxis Smile Gallery in Compi\u00e8gne, die Transparenz und Konformit\u00e4t f\u00fcr unsere Patienten gew\u00e4hrleistet.\" \/>\n<meta name=\"robots\" content=\"noindex, follow\" \/>\n<meta property=\"og:locale\" content=\"de_DE\" \/>\n<meta property=\"og:type\" content=\"article\" \/>\n<meta property=\"og:title\" content=\"Impressum | Zahn\u00e4rzte in Compi\u00e8gne (60200)\" \/>\n<meta property=\"og:description\" content=\"Finden Sie die rechtlichen Informationen zur Zahnarztpraxis Smile Gallery in Compi\u00e8gne, die Transparenz und Konformit\u00e4t f\u00fcr unsere Patienten gew\u00e4hrleistet.\" \/>\n<meta property=\"og:url\" content=\"https:\/\/dentiste-compiegne-abou-rabii.fr\/de\/impressum\/\" \/>\n<meta property=\"og:site_name\" content=\"Cabinet Smile Gallery\" \/>\n<meta property=\"article:modified_time\" content=\"2025-10-30T09:34:19+00:00\" \/>\n<meta property=\"og:image\" content=\"https:\/\/dentiste-compiegne-abou-rabii.fr\/wp-content\/uploads\/2024\/09\/equipe-cabinet-dentaire-docteurs-abou-rabii-schryve-obeid-compiegne.webp\" \/>\n\t<meta property=\"og:image:width\" content=\"1860\" \/>\n\t<meta property=\"og:image:height\" content=\"1552\" \/>\n\t<meta property=\"og:image:type\" content=\"image\/webp\" \/>\n<meta name=\"twitter:card\" content=\"summary_large_image\" \/>\n<meta name=\"twitter:label1\" content=\"Gesch\u00e4tzte Lesezeit\" \/>\n\t<meta name=\"twitter:data1\" content=\"2\u00a0Minute\" \/>\n<script type=\"application\/ld+json\" class=\"yoast-schema-graph\">{\"@context\":\"https:\/\/schema.org\",\"@graph\":[{\"@type\":\"WebPage\",\"@id\":\"https:\/\/dentiste-compiegne-abou-rabii.fr\/de\/impressum\/\",\"url\":\"https:\/\/dentiste-compiegne-abou-rabii.fr\/de\/impressum\/\",\"name\":\"Impressum | Zahn\u00e4rzte in Compi\u00e8gne (60200)\",\"isPartOf\":{\"@id\":\"https:\/\/dentiste-compiegne-abou-rabii.fr\/de\/#website\"},\"primaryImageOfPage\":{\"@id\":\"https:\/\/dentiste-compiegne-abou-rabii.fr\/de\/impressum\/#primaryimage\"},\"image\":{\"@id\":\"https:\/\/dentiste-compiegne-abou-rabii.fr\/de\/impressum\/#primaryimage\"},\"thumbnailUrl\":\"https:\/\/dentiste-compiegne-abou-rabii.fr\/wp-content\/uploads\/2024\/09\/equipe-cabinet-dentaire-docteurs-abou-rabii-schryve-obeid-compiegne.webp\",\"datePublished\":\"2024-07-28T19:50:14+00:00\",\"dateModified\":\"2025-10-30T09:34:19+00:00\",\"description\":\"Finden Sie die rechtlichen Informationen zur Zahnarztpraxis Smile Gallery in Compi\u00e8gne, die Transparenz und Konformit\u00e4t f\u00fcr unsere Patienten gew\u00e4hrleistet.\",\"breadcrumb\":{\"@id\":\"https:\/\/dentiste-compiegne-abou-rabii.fr\/de\/impressum\/#breadcrumb\"},\"inLanguage\":\"de\",\"potentialAction\":[{\"@type\":\"ReadAction\",\"target\":[\"https:\/\/dentiste-compiegne-abou-rabii.fr\/de\/impressum\/\"]}]},{\"@type\":\"ImageObject\",\"inLanguage\":\"de\",\"@id\":\"https:\/\/dentiste-compiegne-abou-rabii.fr\/de\/impressum\/#primaryimage\",\"url\":\"https:\/\/dentiste-compiegne-abou-rabii.fr\/wp-content\/uploads\/2024\/09\/equipe-cabinet-dentaire-docteurs-abou-rabii-schryve-obeid-compiegne.webp\",\"contentUrl\":\"https:\/\/dentiste-compiegne-abou-rabii.fr\/wp-content\/uploads\/2024\/09\/equipe-cabinet-dentaire-docteurs-abou-rabii-schryve-obeid-compiegne.webp\",\"width\":1860,\"height\":1552,\"caption\":\"Team der Zahnarztpraxis Smile Gallery in Compi\u00e8gne (60200)\"},{\"@type\":\"BreadcrumbList\",\"@id\":\"https:\/\/dentiste-compiegne-abou-rabii.fr\/de\/impressum\/#breadcrumb\",\"itemListElement\":[{\"@type\":\"ListItem\",\"position\":1,\"name\":\"Accueil\",\"item\":\"https:\/\/dentiste-compiegne-abou-rabii.fr\/de\/\"},{\"@type\":\"ListItem\",\"position\":2,\"name\":\"Impressum\"}]},{\"@type\":\"WebSite\",\"@id\":\"https:\/\/dentiste-compiegne-abou-rabii.fr\/de\/#website\",\"url\":\"https:\/\/dentiste-compiegne-abou-rabii.fr\/de\/\",\"name\":\"Cabinet Smile Gallery\",\"description\":\"Cabinet Smile Gallery\",\"potentialAction\":[{\"@type\":\"SearchAction\",\"target\":{\"@type\":\"EntryPoint\",\"urlTemplate\":\"https:\/\/dentiste-compiegne-abou-rabii.fr\/de\/?s={search_term_string}\"},\"query-input\":{\"@type\":\"PropertyValueSpecification\",\"valueRequired\":true,\"valueName\":\"search_term_string\"}}],\"inLanguage\":\"de\"}]}<\/script>\n<!-- \/ Yoast SEO plugin. -->","yoast_head_json":{"title":"Impressum | Zahn\u00e4rzte in Compi\u00e8gne (60200)","description":"Finden Sie die rechtlichen Informationen zur Zahnarztpraxis Smile Gallery in Compi\u00e8gne, die Transparenz und Konformit\u00e4t f\u00fcr unsere Patienten gew\u00e4hrleistet.","robots":{"index":"noindex","follow":"follow"},"og_locale":"de_DE","og_type":"article","og_title":"Impressum | Zahn\u00e4rzte in Compi\u00e8gne (60200)","og_description":"Finden Sie die rechtlichen Informationen zur Zahnarztpraxis Smile Gallery in Compi\u00e8gne, die Transparenz und Konformit\u00e4t f\u00fcr unsere Patienten gew\u00e4hrleistet.","og_url":"https:\/\/dentiste-compiegne-abou-rabii.fr\/de\/impressum\/","og_site_name":"Cabinet Smile Gallery","article_modified_time":"2025-10-30T09:34:19+00:00","og_image":[{"width":1860,"height":1552,"url":"https:\/\/dentiste-compiegne-abou-rabii.fr\/wp-content\/uploads\/2024\/09\/equipe-cabinet-dentaire-docteurs-abou-rabii-schryve-obeid-compiegne.webp","type":"image\/webp"}],"twitter_card":"summary_large_image","twitter_misc":{"Gesch\u00e4tzte Lesezeit":"2\u00a0Minute"},"schema":{"@context":"https:\/\/schema.org","@graph":[{"@type":"WebPage","@id":"https:\/\/dentiste-compiegne-abou-rabii.fr\/de\/impressum\/","url":"https:\/\/dentiste-compiegne-abou-rabii.fr\/de\/impressum\/","name":"Impressum | Zahn\u00e4rzte in Compi\u00e8gne (60200)","isPartOf":{"@id":"https:\/\/dentiste-compiegne-abou-rabii.fr\/de\/#website"},"primaryImageOfPage":{"@id":"https:\/\/dentiste-compiegne-abou-rabii.fr\/de\/impressum\/#primaryimage"},"image":{"@id":"https:\/\/dentiste-compiegne-abou-rabii.fr\/de\/impressum\/#primaryimage"},"thumbnailUrl":"https:\/\/dentiste-compiegne-abou-rabii.fr\/wp-content\/uploads\/2024\/09\/equipe-cabinet-dentaire-docteurs-abou-rabii-schryve-obeid-compiegne.webp","datePublished":"2024-07-28T19:50:14+00:00","dateModified":"2025-10-30T09:34:19+00:00","description":"Finden Sie die rechtlichen Informationen zur Zahnarztpraxis Smile Gallery in Compi\u00e8gne, die Transparenz und Konformit\u00e4t f\u00fcr unsere Patienten gew\u00e4hrleistet.","breadcrumb":{"@id":"https:\/\/dentiste-compiegne-abou-rabii.fr\/de\/impressum\/#breadcrumb"},"inLanguage":"de","potentialAction":[{"@type":"ReadAction","target":["https:\/\/dentiste-compiegne-abou-rabii.fr\/de\/impressum\/"]}]},{"@type":"ImageObject","inLanguage":"de","@id":"https:\/\/dentiste-compiegne-abou-rabii.fr\/de\/impressum\/#primaryimage","url":"https:\/\/dentiste-compiegne-abou-rabii.fr\/wp-content\/uploads\/2024\/09\/equipe-cabinet-dentaire-docteurs-abou-rabii-schryve-obeid-compiegne.webp","contentUrl":"https:\/\/dentiste-compiegne-abou-rabii.fr\/wp-content\/uploads\/2024\/09\/equipe-cabinet-dentaire-docteurs-abou-rabii-schryve-obeid-compiegne.webp","width":1860,"height":1552,"caption":"Team der Zahnarztpraxis Smile Gallery in Compi\u00e8gne (60200)"},{"@type":"BreadcrumbList","@id":"https:\/\/dentiste-compiegne-abou-rabii.fr\/de\/impressum\/#breadcrumb","itemListElement":[{"@type":"ListItem","position":1,"name":"Accueil","item":"https:\/\/dentiste-compiegne-abou-rabii.fr\/de\/"},{"@type":"ListItem","position":2,"name":"Impressum"}]},{"@type":"WebSite","@id":"https:\/\/dentiste-compiegne-abou-rabii.fr\/de\/#website","url":"https:\/\/dentiste-compiegne-abou-rabii.fr\/de\/","name":"Cabinet Smile Gallery","description":"Cabinet Smile Gallery","potentialAction":[{"@type":"SearchAction","target":{"@type":"EntryPoint","urlTemplate":"https:\/\/dentiste-compiegne-abou-rabii.fr\/de\/?s={search_term_string}"},"query-input":{"@type":"PropertyValueSpecification","valueRequired":true,"valueName":"search_term_string"}}],"inLanguage":"de"}]}},"_links":{"self":[{"href":"https:\/\/dentiste-compiegne-abou-rabii.fr\/de\/wp-json\/wp\/v2\/pages\/1828","targetHints":{"allow":["GET"]}}],"collection":[{"href":"https:\/\/dentiste-compiegne-abou-rabii.fr\/de\/wp-json\/wp\/v2\/pages"}],"about":[{"href":"https:\/\/dentiste-compiegne-abou-rabii.fr\/de\/wp-json\/wp\/v2\/types\/page"}],"author":[{"embeddable":true,"href":"https:\/\/dentiste-compiegne-abou-rabii.fr\/de\/wp-json\/wp\/v2\/users\/1"}],"replies":[{"embeddable":true,"href":"https:\/\/dentiste-compiegne-abou-rabii.fr\/de\/wp-json\/wp\/v2\/comments?post=1828"}],"version-history":[{"count":1,"href":"https:\/\/dentiste-compiegne-abou-rabii.fr\/de\/wp-json\/wp\/v2\/pages\/1828\/revisions"}],"predecessor-version":[{"id":1832,"href":"https:\/\/dentiste-compiegne-abou-rabii.fr\/de\/wp-json\/wp\/v2\/pages\/1828\/revisions\/1832"}],"wp:featuredmedia":[{"embeddable":true,"href":"https:\/\/dentiste-compiegne-abou-rabii.fr\/de\/wp-json\/wp\/v2\/media\/1827"}],"wp:attachment":[{"href":"https:\/\/dentiste-compiegne-abou-rabii.fr\/de\/wp-json\/wp\/v2\/media?parent=1828"}],"curies":[{"name":"wp","href":"https:\/\/api.w.org\/{rel}","templated":true}]}}