{"id":1818,"date":"2024-11-12T06:37:03","date_gmt":"2024-11-12T06:37:03","guid":{"rendered":"https:\/\/dentiste-compiegne-abou-rabii.fr\/zahnimplantat-in-der-naehe-von-amiens\/"},"modified":"2026-03-02T13:10:04","modified_gmt":"2026-03-02T13:10:04","slug":"zahnimplantat-in-der-naehe-von-amiens","status":"publish","type":"page","link":"https:\/\/dentiste-compiegne-abou-rabii.fr\/de\/zahnimplantat-in-der-naehe-von-amiens\/","title":{"rendered":"Zahnimplantat in der N\u00e4he von Amiens"},"content":{"rendered":"\n<p>Ein Zahnimplantat ist eine dauerhafte L\u00f6sung, um einen oder mehrere fehlende Z\u00e4hne zu ersetzen. Diese Behandlung besteht darin, eine kleine Titanschraube in den Kieferknochen einzusetzen. Diese Schraube dient als k\u00fcnstliche Wurzel, auf der ein Zahnersatz befestigt wird. Die Zahnarztpraxis der Dres. Abou Rabii &amp; Obeid, in der N\u00e4he von Amiens gelegen, bietet diese Art der Behandlung an. Sie profitieren von einer angepassten Versorgung und hochwertigen Behandlungen, um die Funktionalit\u00e4t und \u00c4sthetik Ihres L\u00e4chelns wiederherzustellen.<\/p>\n\n\n\n<h2 class=\"wp-block-heading\">Die Stadt Amiens<\/h2>\n\n\n\n<p>Amiens ist eine charmante Stadt in der Region Hauts-de-France, etwa 60 Kilometer von Compi\u00e8gne entfernt. Bekannt f\u00fcr ihre pr\u00e4chtige gotische Kathedrale und ihre malerischen Kan\u00e4le, ist Amiens ein angenehmer Ort f\u00fcr Ihre Zahnbehandlungen. Wenn Sie in Amiens oder Umgebung wohnen, k\u00f6nnen Sie Compi\u00e8gne, wo sich die <a href=\"https:\/\/www.google.com\/maps\/place\/Cabinet+Dentaire+Dr+ABOU-RABII\/@49.4221646,2.8271453,733m\/data=!3m2!1e3!4b1!4m6!3m5!1s0x47e7d682496faaed:0x6bf488a796af9c7c!8m2!3d49.4221611!4d2.8297202!16s%2Fg%2F11byyh2btk?authuser=0&amp;entry=ttu&amp;g_ep=EgoyMDI0MDgyMC4xIKXMDSoASAFQAw%3D%3D\" target=\"_blank\" rel=\"noreferrer noopener nofollow\">Zahnarztpraxis der Dres. Abou Rabii &amp; Obeid<\/a> befindet, leicht erreichen, um hochwertige Behandlungen in einer einladenden Umgebung zu erhalten.<\/p>\n\n\n\n<h2 class=\"wp-block-heading\">Worum handelt es sich bei Zahnimplantaten?<\/h2>\n\n\n\n<p>Zahnimplantate sind eine einfache und effektive L\u00f6sung, um fehlende Z\u00e4hne zu ersetzen. Diese Behandlung bietet nat\u00fcrliche Stabilit\u00e4t und ein nat\u00fcrliches Aussehen. Im Gegensatz zu herausnehmbarem Zahnersatz werden Implantate direkt in den Kieferknochen integriert, was sie sehr widerstandsf\u00e4hig macht. Sie erm\u00f6glichen es, zu kauen, zu sprechen und zu l\u00e4cheln, ohne Angst vor Verrutschen oder Beschwerden haben zu m\u00fcssen. Dar\u00fcber hinaus tragen Implantate zum Erhalt des Kieferknochens bei, da sie diesen Bereich stimulieren, indem sie die nat\u00fcrliche Zahnwurzel nachahmen.    <\/p>\n\n\n\n<h2 class=\"wp-block-heading\">Die Vorteile dieser L\u00f6sung<\/h2>\n\n\n\n<div class=\"wp-block-columns is-layout-flex wp-container-core-columns-is-layout-9d6595d7 wp-block-columns-is-layout-flex\">\n<div class=\"wp-block-column is-vertically-aligned-center is-layout-flow wp-block-column-is-layout-flow\">\n<figure class=\"wp-block-image size-full\"><img decoding=\"async\" width=\"900\" height=\"600\" src=\"https:\/\/dentiste-compiegne-abou-rabii.fr\/wp-content\/uploads\/2024\/11\/pose-implant-dentaire-cabinet-smile-gallery-compiegne.webp\" alt=\"\" class=\"wp-image-885\" srcset=\"https:\/\/dentiste-compiegne-abou-rabii.fr\/wp-content\/uploads\/2024\/11\/pose-implant-dentaire-cabinet-smile-gallery-compiegne.webp 900w, https:\/\/dentiste-compiegne-abou-rabii.fr\/wp-content\/uploads\/2024\/11\/pose-implant-dentaire-cabinet-smile-gallery-compiegne-300x200.webp 300w, https:\/\/dentiste-compiegne-abou-rabii.fr\/wp-content\/uploads\/2024\/11\/pose-implant-dentaire-cabinet-smile-gallery-compiegne-768x512.webp 768w\" sizes=\"(max-width: 900px) 100vw, 900px\" \/><\/figure>\n<\/div>\n\n\n\n<div class=\"wp-block-column is-vertically-aligned-center is-layout-flow wp-block-column-is-layout-flow\">\n<p><a href=\"https:\/\/dentiste-compiegne-abou-rabii.fr\/de\/zahnimplantologie\/keramische-zahnimplantate\/\">Zahnimplantate<\/a> bieten mehrere Vorteile. Sie erm\u00f6glichen es, ein nat\u00fcrliches Kaugef\u00fchl wiederzuerlangen und den t\u00e4glichen Komfort zu verbessern. Sie k\u00f6nnen auch von einer verbesserten Zahn\u00e4sthetik profitieren, da Implantate in Farbe und Form den nat\u00fcrlichen Z\u00e4hnen sehr \u00e4hnlich sind.   <\/p>\n\n\n\n<p>Die Zahnarztpraxis der Dres. Abou Rabii &amp; Obeid, in der N\u00e4he von Amiens gelegen, bietet diese Behandlung personalisiert an. Dort finden Sie auf Ihre Bed\u00fcrfnisse zugeschnittene Behandlungen und dauerhafte L\u00f6sungen f\u00fcr Ihre Mundgesundheit.<\/p>\n<\/div>\n<\/div>\n\n\n\n<p><\/p>\n\n\n\n<h2 class=\"wp-block-heading\">Die Betreuung in der Zahnarztpraxis der Dres. Abou Rabii &amp; Obeid<\/h2>\n\n\n\n<p>In der Zahnarztpraxis der Dres. Abou Rabii &amp; Obeid profitiert jeder Patient von einer umfassenden und personalisierten Betreuung. Bereits bei der ersten Konsultation wird eine Beurteilung Ihrer Zahnsituation vorgenommen, um festzustellen, ob Implantate geeignet sind. Die Fachleute begleiten Sie bei jedem Schritt, von der Vorbereitung des Kieferknochens bis zum Einsetzen des Implantats und des Zahnersatzes. Diese Betreuung gew\u00e4hrleistet zufriedenstellende Ergebnisse und eine dauerhafte Zahnrehabilitation.<\/p>\n\n\n\n<h2 class=\"wp-block-heading\">Wie lassen sich die Ergebnisse langfristig erhalten?<\/h2>\n\n\n\n<p>Nach dem Einsetzen des Zahnimplantats ist es unerl\u00e4sslich, Ihren Mund zu pflegen, um eine gute Haltbarkeit zu gew\u00e4hrleisten. Hier sind einige Tipps, um die Ergebnisse effektiv zu erhalten: <\/p>\n\n\n\n<ul class=\"wp-block-list\">\n<li><strong>Achten Sie auf eine gr\u00fcndliche Mundhygiene<\/strong>: Putzen Sie Ihre Z\u00e4hne nach jeder Mahlzeit. Verwenden Sie Zahnseide oder Interdentalb\u00fcrsten, um den Bereich um das Implantat zu reinigen. <\/li>\n\n\n\n<li><strong>Vermeiden Sie es, auf harten Gegenst\u00e4nden zu kauen<\/strong>: Gewohnheiten wie das Kauen auf Stiften oder das Bei\u00dfen in sehr harte Lebensmittel k\u00f6nnen den Zahnersatz schw\u00e4chen.<\/li>\n\n\n\n<li><strong>Planen Sie regelm\u00e4\u00dfige Kontrollen ein<\/strong>: Suchen Sie regelm\u00e4\u00dfig die Zahnarztpraxis der Dres. Abou Rabii &amp; Obeid auf, um den Zustand Ihres Implantats \u00fcberpr\u00fcfen und eine professionelle Reinigung durchf\u00fchren zu lassen.<\/li>\n\n\n\n<li><strong>Bevorzugen Sie eine ausgewogene Ern\u00e4hrung<\/strong>: Eine n\u00e4hrstoffreiche Ern\u00e4hrung tr\u00e4gt zur Gesundheit Ihrer Z\u00e4hne und Implantate bei.<\/li>\n<\/ul>\n\n\n\n<p>Indem Sie diese Empfehlungen befolgen, k\u00f6nnen Sie die Lebensdauer Ihres Implantats verl\u00e4ngern und die Gesundheit Ihres Mundes erhalten.<\/p>\n\n\n\n<h3 class=\"wp-block-heading\">Vereinbaren Sie noch heute einen Termin in der Zahnarztpraxis der Dres. Abou Rabii &amp; Obeid<\/h3>\n\n\n\n<p>Wenn Sie eine Zahnimplantatbehandlung in der N\u00e4he von Amiens w\u00fcnschen, steht Ihnen die Zahnarztpraxis der Dres. Abou Rabii &amp; Obeid zur Verf\u00fcgung. Warten Sie nicht l\u00e4nger, um Ihr L\u00e4cheln wiederherzustellen und den Komfort eines nat\u00fcrlichen Kaugef\u00fchls zur\u00fcckzugewinnen. Vereinbaren Sie noch heute einen Termin f\u00fcr eine pers\u00f6nliche Beratung.<\/p>\n","protected":false},"excerpt":{"rendered":"<p>Ein Zahnimplantat ist eine dauerhafte L\u00f6sung, um einen oder mehrere fehlende Z\u00e4hne zu ersetzen. Diese Behandlung besteht darin, eine kleine Titanschraube in den Kieferknochen einzusetzen. Diese Schraube dient als k\u00fcnstliche Wurzel, auf der ein Zahnersatz befestigt wird. Die Zahnarztpraxis der Dres. Abou Rabii &amp; Obeid, in der N\u00e4he von Amiens gelegen, bietet diese Art der <a href=\"https:\/\/dentiste-compiegne-abou-rabii.fr\/de\/zahnimplantat-in-der-naehe-von-amiens\/\">Read More&#8230;<\/a><\/p>\n","protected":false},"author":1,"featured_media":1817,"parent":0,"menu_order":19,"comment_status":"closed","ping_status":"closed","template":"page-content.php","meta":{"_acf_changed":false,"inline_featured_image":false,"footnotes":""},"class_list":["post-1818","page","type-page","status-publish","has-post-thumbnail","hentry"],"acf":[],"yoast_head":"<!-- This site is optimized with the Yoast SEO plugin v26.9 - https:\/\/yoast.com\/product\/yoast-seo-wordpress\/ -->\n<title>Zahnimplantat in der N\u00e4he von Amiens | Smile Gallery | Compi\u00e8gne<\/title>\n<meta name=\"description\" content=\"Zahnimplantate in der N\u00e4he von Amiens: Stellen Sie Ihr L\u00e4cheln in der Praxis der Dres. Abou Rabii &amp; Obeid in Compi\u00e8gne wieder her.\" \/>\n<meta name=\"robots\" content=\"index, follow, max-snippet:-1, max-image-preview:large, max-video-preview:-1\" \/>\n<link rel=\"canonical\" href=\"https:\/\/dentiste-compiegne-abou-rabii.fr\/de\/zahnimplantat-in-der-naehe-von-amiens\/\" \/>\n<meta property=\"og:locale\" content=\"de_DE\" \/>\n<meta property=\"og:type\" content=\"article\" \/>\n<meta property=\"og:title\" content=\"Zahnimplantat in der N\u00e4he von Amiens | Smile Gallery | Compi\u00e8gne\" \/>\n<meta property=\"og:description\" content=\"Zahnimplantate in der N\u00e4he von Amiens: Stellen Sie Ihr L\u00e4cheln in der Praxis der Dres. Abou Rabii &amp; Obeid in Compi\u00e8gne wieder her.\" \/>\n<meta property=\"og:url\" content=\"https:\/\/dentiste-compiegne-abou-rabii.fr\/de\/zahnimplantat-in-der-naehe-von-amiens\/\" \/>\n<meta property=\"og:site_name\" content=\"Cabinet Smile Gallery\" \/>\n<meta property=\"article:modified_time\" content=\"2026-03-02T13:10:04+00:00\" \/>\n<meta property=\"og:image\" content=\"https:\/\/dentiste-compiegne-abou-rabii.fr\/wp-content\/uploads\/2024\/08\/implant-basal-cabinet-dentaire-drs-abou-rabii.webp\" \/>\n\t<meta property=\"og:image:width\" content=\"896\" \/>\n\t<meta property=\"og:image:height\" content=\"600\" \/>\n\t<meta property=\"og:image:type\" content=\"image\/webp\" \/>\n<meta name=\"twitter:card\" content=\"summary_large_image\" \/>\n<meta name=\"twitter:label1\" content=\"Gesch\u00e4tzte Lesezeit\" \/>\n\t<meta name=\"twitter:data1\" content=\"4\u00a0Minute\" \/>\n<script type=\"application\/ld+json\" class=\"yoast-schema-graph\">{\"@context\":\"https:\/\/schema.org\",\"@graph\":[{\"@type\":\"WebPage\",\"@id\":\"https:\/\/dentiste-compiegne-abou-rabii.fr\/de\/zahnimplantat-in-der-naehe-von-amiens\/\",\"url\":\"https:\/\/dentiste-compiegne-abou-rabii.fr\/de\/zahnimplantat-in-der-naehe-von-amiens\/\",\"name\":\"Zahnimplantat in der N\u00e4he von Amiens | Smile Gallery | Compi\u00e8gne\",\"isPartOf\":{\"@id\":\"https:\/\/dentiste-compiegne-abou-rabii.fr\/de\/#website\"},\"primaryImageOfPage\":{\"@id\":\"https:\/\/dentiste-compiegne-abou-rabii.fr\/de\/zahnimplantat-in-der-naehe-von-amiens\/#primaryimage\"},\"image\":{\"@id\":\"https:\/\/dentiste-compiegne-abou-rabii.fr\/de\/zahnimplantat-in-der-naehe-von-amiens\/#primaryimage\"},\"thumbnailUrl\":\"https:\/\/dentiste-compiegne-abou-rabii.fr\/wp-content\/uploads\/2024\/08\/implant-basal-cabinet-dentaire-drs-abou-rabii.webp\",\"datePublished\":\"2024-11-12T06:37:03+00:00\",\"dateModified\":\"2026-03-02T13:10:04+00:00\",\"description\":\"Zahnimplantate in der N\u00e4he von Amiens: Stellen Sie Ihr L\u00e4cheln in der Praxis der Dres. Abou Rabii & Obeid in Compi\u00e8gne wieder her.\",\"breadcrumb\":{\"@id\":\"https:\/\/dentiste-compiegne-abou-rabii.fr\/de\/zahnimplantat-in-der-naehe-von-amiens\/#breadcrumb\"},\"inLanguage\":\"de\",\"potentialAction\":[{\"@type\":\"ReadAction\",\"target\":[\"https:\/\/dentiste-compiegne-abou-rabii.fr\/de\/zahnimplantat-in-der-naehe-von-amiens\/\"]}]},{\"@type\":\"ImageObject\",\"inLanguage\":\"de\",\"@id\":\"https:\/\/dentiste-compiegne-abou-rabii.fr\/de\/zahnimplantat-in-der-naehe-von-amiens\/#primaryimage\",\"url\":\"https:\/\/dentiste-compiegne-abou-rabii.fr\/wp-content\/uploads\/2024\/08\/implant-basal-cabinet-dentaire-drs-abou-rabii.webp\",\"contentUrl\":\"https:\/\/dentiste-compiegne-abou-rabii.fr\/wp-content\/uploads\/2024\/08\/implant-basal-cabinet-dentaire-drs-abou-rabii.webp\",\"width\":896,\"height\":600,\"caption\":\"Keramikzahnimplantate in der Zahnarztpraxis der Dres. Abou Rabii, Schryve und Obeid in Compi\u00e8gne (60200)\"},{\"@type\":\"BreadcrumbList\",\"@id\":\"https:\/\/dentiste-compiegne-abou-rabii.fr\/de\/zahnimplantat-in-der-naehe-von-amiens\/#breadcrumb\",\"itemListElement\":[{\"@type\":\"ListItem\",\"position\":1,\"name\":\"Accueil\",\"item\":\"https:\/\/dentiste-compiegne-abou-rabii.fr\/de\/\"},{\"@type\":\"ListItem\",\"position\":2,\"name\":\"Zahnimplantat in der N\u00e4he von Amiens\"}]},{\"@type\":\"WebSite\",\"@id\":\"https:\/\/dentiste-compiegne-abou-rabii.fr\/de\/#website\",\"url\":\"https:\/\/dentiste-compiegne-abou-rabii.fr\/de\/\",\"name\":\"Cabinet Smile Gallery\",\"description\":\"Cabinet Smile Gallery\",\"potentialAction\":[{\"@type\":\"SearchAction\",\"target\":{\"@type\":\"EntryPoint\",\"urlTemplate\":\"https:\/\/dentiste-compiegne-abou-rabii.fr\/de\/?s={search_term_string}\"},\"query-input\":{\"@type\":\"PropertyValueSpecification\",\"valueRequired\":true,\"valueName\":\"search_term_string\"}}],\"inLanguage\":\"de\"}]}<\/script>\n<!-- \/ Yoast SEO plugin. -->","yoast_head_json":{"title":"Zahnimplantat in der N\u00e4he von Amiens | Smile Gallery | Compi\u00e8gne","description":"Zahnimplantate in der N\u00e4he von Amiens: Stellen Sie Ihr L\u00e4cheln in der Praxis der Dres. Abou Rabii & Obeid in Compi\u00e8gne wieder her.","robots":{"index":"index","follow":"follow","max-snippet":"max-snippet:-1","max-image-preview":"max-image-preview:large","max-video-preview":"max-video-preview:-1"},"canonical":"https:\/\/dentiste-compiegne-abou-rabii.fr\/de\/zahnimplantat-in-der-naehe-von-amiens\/","og_locale":"de_DE","og_type":"article","og_title":"Zahnimplantat in der N\u00e4he von Amiens | Smile Gallery | Compi\u00e8gne","og_description":"Zahnimplantate in der N\u00e4he von Amiens: Stellen Sie Ihr L\u00e4cheln in der Praxis der Dres. Abou Rabii & Obeid in Compi\u00e8gne wieder her.","og_url":"https:\/\/dentiste-compiegne-abou-rabii.fr\/de\/zahnimplantat-in-der-naehe-von-amiens\/","og_site_name":"Cabinet Smile Gallery","article_modified_time":"2026-03-02T13:10:04+00:00","og_image":[{"width":896,"height":600,"url":"https:\/\/dentiste-compiegne-abou-rabii.fr\/wp-content\/uploads\/2024\/08\/implant-basal-cabinet-dentaire-drs-abou-rabii.webp","type":"image\/webp"}],"twitter_card":"summary_large_image","twitter_misc":{"Gesch\u00e4tzte Lesezeit":"4\u00a0Minute"},"schema":{"@context":"https:\/\/schema.org","@graph":[{"@type":"WebPage","@id":"https:\/\/dentiste-compiegne-abou-rabii.fr\/de\/zahnimplantat-in-der-naehe-von-amiens\/","url":"https:\/\/dentiste-compiegne-abou-rabii.fr\/de\/zahnimplantat-in-der-naehe-von-amiens\/","name":"Zahnimplantat in der N\u00e4he von Amiens | Smile Gallery | Compi\u00e8gne","isPartOf":{"@id":"https:\/\/dentiste-compiegne-abou-rabii.fr\/de\/#website"},"primaryImageOfPage":{"@id":"https:\/\/dentiste-compiegne-abou-rabii.fr\/de\/zahnimplantat-in-der-naehe-von-amiens\/#primaryimage"},"image":{"@id":"https:\/\/dentiste-compiegne-abou-rabii.fr\/de\/zahnimplantat-in-der-naehe-von-amiens\/#primaryimage"},"thumbnailUrl":"https:\/\/dentiste-compiegne-abou-rabii.fr\/wp-content\/uploads\/2024\/08\/implant-basal-cabinet-dentaire-drs-abou-rabii.webp","datePublished":"2024-11-12T06:37:03+00:00","dateModified":"2026-03-02T13:10:04+00:00","description":"Zahnimplantate in der N\u00e4he von Amiens: Stellen Sie Ihr L\u00e4cheln in der Praxis der Dres. Abou Rabii & Obeid in Compi\u00e8gne wieder her.","breadcrumb":{"@id":"https:\/\/dentiste-compiegne-abou-rabii.fr\/de\/zahnimplantat-in-der-naehe-von-amiens\/#breadcrumb"},"inLanguage":"de","potentialAction":[{"@type":"ReadAction","target":["https:\/\/dentiste-compiegne-abou-rabii.fr\/de\/zahnimplantat-in-der-naehe-von-amiens\/"]}]},{"@type":"ImageObject","inLanguage":"de","@id":"https:\/\/dentiste-compiegne-abou-rabii.fr\/de\/zahnimplantat-in-der-naehe-von-amiens\/#primaryimage","url":"https:\/\/dentiste-compiegne-abou-rabii.fr\/wp-content\/uploads\/2024\/08\/implant-basal-cabinet-dentaire-drs-abou-rabii.webp","contentUrl":"https:\/\/dentiste-compiegne-abou-rabii.fr\/wp-content\/uploads\/2024\/08\/implant-basal-cabinet-dentaire-drs-abou-rabii.webp","width":896,"height":600,"caption":"Keramikzahnimplantate in der Zahnarztpraxis der Dres. Abou Rabii, Schryve und Obeid in Compi\u00e8gne (60200)"},{"@type":"BreadcrumbList","@id":"https:\/\/dentiste-compiegne-abou-rabii.fr\/de\/zahnimplantat-in-der-naehe-von-amiens\/#breadcrumb","itemListElement":[{"@type":"ListItem","position":1,"name":"Accueil","item":"https:\/\/dentiste-compiegne-abou-rabii.fr\/de\/"},{"@type":"ListItem","position":2,"name":"Zahnimplantat in der N\u00e4he von Amiens"}]},{"@type":"WebSite","@id":"https:\/\/dentiste-compiegne-abou-rabii.fr\/de\/#website","url":"https:\/\/dentiste-compiegne-abou-rabii.fr\/de\/","name":"Cabinet Smile Gallery","description":"Cabinet Smile Gallery","potentialAction":[{"@type":"SearchAction","target":{"@type":"EntryPoint","urlTemplate":"https:\/\/dentiste-compiegne-abou-rabii.fr\/de\/?s={search_term_string}"},"query-input":{"@type":"PropertyValueSpecification","valueRequired":true,"valueName":"search_term_string"}}],"inLanguage":"de"}]}},"_links":{"self":[{"href":"https:\/\/dentiste-compiegne-abou-rabii.fr\/de\/wp-json\/wp\/v2\/pages\/1818","targetHints":{"allow":["GET"]}}],"collection":[{"href":"https:\/\/dentiste-compiegne-abou-rabii.fr\/de\/wp-json\/wp\/v2\/pages"}],"about":[{"href":"https:\/\/dentiste-compiegne-abou-rabii.fr\/de\/wp-json\/wp\/v2\/types\/page"}],"author":[{"embeddable":true,"href":"https:\/\/dentiste-compiegne-abou-rabii.fr\/de\/wp-json\/wp\/v2\/users\/1"}],"replies":[{"embeddable":true,"href":"https:\/\/dentiste-compiegne-abou-rabii.fr\/de\/wp-json\/wp\/v2\/comments?post=1818"}],"version-history":[{"count":5,"href":"https:\/\/dentiste-compiegne-abou-rabii.fr\/de\/wp-json\/wp\/v2\/pages\/1818\/revisions"}],"predecessor-version":[{"id":2145,"href":"https:\/\/dentiste-compiegne-abou-rabii.fr\/de\/wp-json\/wp\/v2\/pages\/1818\/revisions\/2145"}],"wp:featuredmedia":[{"embeddable":true,"href":"https:\/\/dentiste-compiegne-abou-rabii.fr\/de\/wp-json\/wp\/v2\/media\/1817"}],"wp:attachment":[{"href":"https:\/\/dentiste-compiegne-abou-rabii.fr\/de\/wp-json\/wp\/v2\/media?parent=1818"}],"curies":[{"name":"wp","href":"https:\/\/api.w.org\/{rel}","templated":true}]}}