{"id":1811,"date":"2024-11-12T07:14:15","date_gmt":"2024-11-12T07:14:15","guid":{"rendered":"https:\/\/dentiste-compiegne-abou-rabii.fr\/zahnimplantat-in-der-naehe-von-chantilly\/"},"modified":"2026-03-02T13:08:37","modified_gmt":"2026-03-02T13:08:37","slug":"zahnimplantat-in-der-naehe-von-chantilly","status":"publish","type":"page","link":"https:\/\/dentiste-compiegne-abou-rabii.fr\/de\/zahnimplantat-in-der-naehe-von-chantilly\/","title":{"rendered":"Zahnimplantat in der N\u00e4he von Chantilly"},"content":{"rendered":"\n<p>Das Zahnimplantat ist eine moderne L\u00f6sung, um einen fehlenden Zahn zu ersetzen. Es besteht aus einer k\u00fcnstlichen Wurzel, oft aus Titan, die direkt in den Kieferknochen eingesetzt wird. Diese Wurzel dient als St\u00fctze f\u00fcr eine Krone, eine Br\u00fccke oder eine Vollprothese, wodurch ein harmonisches L\u00e4cheln und eine gute Kaufunktion wiederhergestellt werden k\u00f6nnen. In der Zahnarztpraxis der Doktoren Abou Rabii &amp; Obeid in Compi\u00e8gne k\u00f6nnen Sie von dieser zahnmedizinischen Behandlung profitieren. Jeder Eingriff wird sorgf\u00e4ltig durchgef\u00fchrt, um Komfort und Langlebigkeit f\u00fcr Patienten in der N\u00e4he von Chantilly zu gew\u00e4hrleisten.<\/p>\n\n\n\n<h2 class=\"wp-block-heading\">Die Stadt Chantilly<\/h2>\n\n\n\n<p>Chantilly, eine charmante Stadt im D\u00e9partement Oise, ist bekannt f\u00fcr ihr reiches Erbe mit ihrem Schloss und ihren G\u00e4rten. Rund vierzig Kilometer von Compi\u00e8gne entfernt, ist sie f\u00fcr Einwohner, die spezialisierte zahnmedizinische Versorgung suchen, leicht erreichbar. Die <a href=\"https:\/\/www.google.com\/maps\/place\/Cabinet+Dentaire+Dr+ABOU-RABII\/@49.4221646,2.8271453,733m\/data=!3m2!1e3!4b1!4m6!3m5!1s0x47e7d682496faaed:0x6bf488a796af9c7c!8m2!3d49.4221611!4d2.8297202!16s%2Fg%2F11byyh2btk?authuser=0&amp;entry=ttu&amp;g_ep=EgoyMDI0MDgyMC4xIKXMDSoASAFQAw%3D%3D\" target=\"_blank\" rel=\"noreferrer noopener nofollow\">Praxis der Doktoren Abou Rabii &amp; Obeid<\/a> befindet sich in Compi\u00e8gne und bietet somit eine praktische und nahegelegene Option f\u00fcr Einwohner von Chantilly, die ein Zahnimplantat w\u00fcnschen.<\/p>\n\n\n\n<h2 class=\"wp-block-heading\">Was ist ein Zahnimplantat?<\/h2>\n\n\n\n<p>Ein <a href=\"https:\/\/dentiste-compiegne-abou-rabii.fr\/de\/zahnimplantologie\/keramische-zahnimplantate\/\">Zahnimplantat<\/a> ist eine k\u00fcnstliche Titanwurzel, die in den Kieferknochen eingesetzt wird. Es wird verwendet, um einen oder mehrere fehlende Z\u00e4hne zu ersetzen. Dank dieser soliden Basis kann eine Krone oder eine Zahnprothese befestigt werden. Das Implantat bietet optimale Stabilit\u00e4t, wodurch eine gute Kaufunktion und ein nat\u00fcrliches L\u00e4cheln wiederhergestellt werden k\u00f6nnen. Im Gegensatz zu klassischen L\u00f6sungen wie Br\u00fccken sch\u00e4digt das Zahnimplantat die Nachbarz\u00e4hne nicht. Es ist eine gesch\u00e4tzte Wahl aufgrund seiner Haltbarkeit und seines Komforts.     <\/p>\n\n\n\n<h3 class=\"wp-block-heading\">Die Vorteile eines Zahnimplantats<\/h3>\n\n\n\n<div class=\"wp-block-columns is-layout-flex wp-container-core-columns-is-layout-9d6595d7 wp-block-columns-is-layout-flex\">\n<div class=\"wp-block-column is-vertically-aligned-center is-layout-flow wp-block-column-is-layout-flow\">\n<p>Das Zahnimplantat bietet zahlreiche Vorteile. Es ersetzt effektiv die Wurzel eines fehlenden Zahnes, was die Knochenstruktur st\u00e4rkt. Diese Technik verhindert das Verschieben anderer Z\u00e4hne und erh\u00e4lt eine gute Okklusion. Zudem ist ein Implantat komfortabel und verrutscht nicht, sodass Sie ohne Beeintr\u00e4chtigung sprechen und essen k\u00f6nnen.     <\/p>\n\n\n\n<p>In der Zahnarztpraxis der Doktoren Abou Rabii &amp; Obeid profitiert jeder Patient von einer personalisierten Betreuung. Das Team achtet darauf, die Behandlung an Ihre Situation anzupassen und alle Ihre Fragen zu beantworten.<\/p>\n<\/div>\n\n\n\n<div class=\"wp-block-column is-vertically-aligned-center is-layout-flow wp-block-column-is-layout-flow\">\n<figure class=\"wp-block-image size-full\"><img decoding=\"async\" width=\"900\" height=\"600\" src=\"https:\/\/dentiste-compiegne-abou-rabii.fr\/wp-content\/uploads\/2024\/11\/implant-dentaire-cabinet-smile-gallery-compiegne.webp\" alt=\"\" class=\"wp-image-882\" srcset=\"https:\/\/dentiste-compiegne-abou-rabii.fr\/wp-content\/uploads\/2024\/11\/implant-dentaire-cabinet-smile-gallery-compiegne.webp 900w, https:\/\/dentiste-compiegne-abou-rabii.fr\/wp-content\/uploads\/2024\/11\/implant-dentaire-cabinet-smile-gallery-compiegne-300x200.webp 300w, https:\/\/dentiste-compiegne-abou-rabii.fr\/wp-content\/uploads\/2024\/11\/implant-dentaire-cabinet-smile-gallery-compiegne-768x512.webp 768w\" sizes=\"(max-width: 900px) 100vw, 900px\" \/><\/figure>\n<\/div>\n<\/div>\n\n\n\n<p><\/p>\n\n\n\n<h2 class=\"wp-block-heading\">Die Schritte einer Zahnimplantatbehandlung<\/h2>\n\n\n\n<p>Der Prozess der Zahnimplantatsetzung erfolgt in mehreren Schritten. Der erste Schritt besteht darin, die Mundgesundheit des Patienten zu beurteilen. Anschlie\u00dfend wird die Implantatsetzung geplant, um ein optimales Ergebnis zu gew\u00e4hrleisten. Sobald das Implantat eingesetzt ist, muss dem Knochen Zeit gegeben werden, um zu heilen und sich mit dem Implantat zu verbinden, was eine solide Fixierung gew\u00e4hrleistet. Schlie\u00dflich wird die Krone f\u00fcr ein funktionelles und \u00e4sthetisches Ergebnis eingesetzt.    <\/p>\n\n\n\n<h3 class=\"wp-block-heading\">Langfristige Ergebnisse erhalten<\/h3>\n\n\n\n<p>Damit das Zahnimplantat in gutem Zustand bleibt, ist eine gute Mundhygiene unerl\u00e4sslich. Putzen Sie sich zweimal t\u00e4glich die Z\u00e4hne und verwenden Sie Zahnseide. Regelm\u00e4\u00dfige Zahnarztbesuche erm\u00f6glichen es auch, die Gesundheit des Implantats und des umliegenden Gewebes zu \u00fcberpr\u00fcfen. In der Praxis der Doktoren Abou Rabii &amp; Obeid geben wir Ihnen praktische Tipps zur Pflege Ihrer Implantate. Pr\u00e4vention ist der beste Weg, um die Langlebigkeit Ihres L\u00e4chelns zu gew\u00e4hrleisten.<\/p>\n\n\n\n<h2 class=\"wp-block-heading\">Pflege des Zahnimplantats<\/h2>\n\n\n\n<p>Die Pflege eines Implantats ist einfach. Verwenden Sie eine weiche Zahnb\u00fcrste und geeignete Produkte, um Plaque um das Implantat zu entfernen. Vergessen Sie nicht die regelm\u00e4\u00dfigen Kontrollen, um die Integrit\u00e4t des Implantats zu \u00fcberpr\u00fcfen. Die professionelle Nachsorge in der Praxis der Doktoren Abou Rabii &amp; Obeid ist unerl\u00e4sslich, um die langfristigen Ergebnisse zu erhalten. Unsere Spezialisten begleiten Sie bei dieser Pr\u00e4ventionsma\u00dfnahme.<\/p>\n\n\n\n<h3 class=\"wp-block-heading\">Termin f\u00fcr ein Zahnimplantat vereinbaren<\/h3>\n\n\n\n<p>M\u00f6chten Sie von den Vorteilen eines Zahnimplantats in der N\u00e4he von Chantilly profitieren? Die Zahnarztpraxis der Doktoren Abou Rabii &amp; Obeid in Compi\u00e8gne empf\u00e4ngt Sie zu einer personalisierten Beratung. Unsere Zahn\u00e4rzte stehen Ihnen zur Verf\u00fcgung, um Ihre Fragen zu beantworten und Sie zur besten L\u00f6sung zu f\u00fchren. Kontaktieren Sie uns noch heute, um Ihren Termin zu planen und Ihre Zahnimplantatbehandlung zu beginnen.<\/p>\n","protected":false},"excerpt":{"rendered":"<p>Das Zahnimplantat ist eine moderne L\u00f6sung, um einen fehlenden Zahn zu ersetzen. Es besteht aus einer k\u00fcnstlichen Wurzel, oft aus Titan, die direkt in den Kieferknochen eingesetzt wird. Diese Wurzel dient als St\u00fctze f\u00fcr eine Krone, eine Br\u00fccke oder eine Vollprothese, wodurch ein harmonisches L\u00e4cheln und eine gute Kaufunktion wiederhergestellt werden k\u00f6nnen. In der Zahnarztpraxis <a href=\"https:\/\/dentiste-compiegne-abou-rabii.fr\/de\/zahnimplantat-in-der-naehe-von-chantilly\/\">Read More&#8230;<\/a><\/p>\n","protected":false},"author":1,"featured_media":1730,"parent":0,"menu_order":17,"comment_status":"closed","ping_status":"closed","template":"page-content.php","meta":{"_acf_changed":false,"inline_featured_image":false,"footnotes":""},"class_list":["post-1811","page","type-page","status-publish","has-post-thumbnail","hentry"],"acf":[],"yoast_head":"<!-- This site is optimized with the Yoast SEO plugin v26.9 - https:\/\/yoast.com\/product\/yoast-seo-wordpress\/ -->\n<title>Zahnimplantat in der N\u00e4he von Chantilly | Smile Gallery | Compi\u00e8gne<\/title>\n<meta name=\"description\" content=\"Zahnimplantate in der N\u00e4he von Chantilly: Finden Sie Ihr nat\u00fcrliches L\u00e4cheln in der Praxis der Dres. Abou Rabii &amp; Obeid in Compi\u00e8gne wieder.\" \/>\n<meta name=\"robots\" content=\"index, follow, max-snippet:-1, max-image-preview:large, max-video-preview:-1\" \/>\n<link rel=\"canonical\" href=\"https:\/\/dentiste-compiegne-abou-rabii.fr\/de\/zahnimplantat-in-der-naehe-von-chantilly\/\" \/>\n<meta property=\"og:locale\" content=\"de_DE\" \/>\n<meta property=\"og:type\" content=\"article\" \/>\n<meta property=\"og:title\" content=\"Zahnimplantat in der N\u00e4he von Chantilly | Smile Gallery | Compi\u00e8gne\" \/>\n<meta property=\"og:description\" content=\"Zahnimplantate in der N\u00e4he von Chantilly: Finden Sie Ihr nat\u00fcrliches L\u00e4cheln in der Praxis der Dres. Abou Rabii &amp; Obeid in Compi\u00e8gne wieder.\" \/>\n<meta property=\"og:url\" content=\"https:\/\/dentiste-compiegne-abou-rabii.fr\/de\/zahnimplantat-in-der-naehe-von-chantilly\/\" \/>\n<meta property=\"og:site_name\" content=\"Cabinet Smile Gallery\" \/>\n<meta property=\"article:modified_time\" content=\"2026-03-02T13:08:37+00:00\" \/>\n<meta property=\"og:image\" content=\"https:\/\/dentiste-compiegne-abou-rabii.fr\/wp-content\/uploads\/2024\/08\/peri-implantite-cabinet-dentaire-docteur-abou-rabii-compiegne.webp\" \/>\n\t<meta property=\"og:image:width\" content=\"1500\" \/>\n\t<meta property=\"og:image:height\" content=\"840\" \/>\n\t<meta property=\"og:image:type\" content=\"image\/webp\" \/>\n<meta name=\"twitter:card\" content=\"summary_large_image\" \/>\n<meta name=\"twitter:label1\" content=\"Gesch\u00e4tzte Lesezeit\" \/>\n\t<meta name=\"twitter:data1\" content=\"4\u00a0Minute\" \/>\n<script type=\"application\/ld+json\" class=\"yoast-schema-graph\">{\"@context\":\"https:\/\/schema.org\",\"@graph\":[{\"@type\":\"WebPage\",\"@id\":\"https:\/\/dentiste-compiegne-abou-rabii.fr\/de\/zahnimplantat-in-der-naehe-von-chantilly\/\",\"url\":\"https:\/\/dentiste-compiegne-abou-rabii.fr\/de\/zahnimplantat-in-der-naehe-von-chantilly\/\",\"name\":\"Zahnimplantat in der N\u00e4he von Chantilly | Smile Gallery | Compi\u00e8gne\",\"isPartOf\":{\"@id\":\"https:\/\/dentiste-compiegne-abou-rabii.fr\/de\/#website\"},\"primaryImageOfPage\":{\"@id\":\"https:\/\/dentiste-compiegne-abou-rabii.fr\/de\/zahnimplantat-in-der-naehe-von-chantilly\/#primaryimage\"},\"image\":{\"@id\":\"https:\/\/dentiste-compiegne-abou-rabii.fr\/de\/zahnimplantat-in-der-naehe-von-chantilly\/#primaryimage\"},\"thumbnailUrl\":\"https:\/\/dentiste-compiegne-abou-rabii.fr\/wp-content\/uploads\/2024\/08\/peri-implantite-cabinet-dentaire-docteur-abou-rabii-compiegne.webp\",\"datePublished\":\"2024-11-12T07:14:15+00:00\",\"dateModified\":\"2026-03-02T13:08:37+00:00\",\"description\":\"Zahnimplantate in der N\u00e4he von Chantilly: Finden Sie Ihr nat\u00fcrliches L\u00e4cheln in der Praxis der Dres. Abou Rabii & Obeid in Compi\u00e8gne wieder.\",\"breadcrumb\":{\"@id\":\"https:\/\/dentiste-compiegne-abou-rabii.fr\/de\/zahnimplantat-in-der-naehe-von-chantilly\/#breadcrumb\"},\"inLanguage\":\"de\",\"potentialAction\":[{\"@type\":\"ReadAction\",\"target\":[\"https:\/\/dentiste-compiegne-abou-rabii.fr\/de\/zahnimplantat-in-der-naehe-von-chantilly\/\"]}]},{\"@type\":\"ImageObject\",\"inLanguage\":\"de\",\"@id\":\"https:\/\/dentiste-compiegne-abou-rabii.fr\/de\/zahnimplantat-in-der-naehe-von-chantilly\/#primaryimage\",\"url\":\"https:\/\/dentiste-compiegne-abou-rabii.fr\/wp-content\/uploads\/2024\/08\/peri-implantite-cabinet-dentaire-docteur-abou-rabii-compiegne.webp\",\"contentUrl\":\"https:\/\/dentiste-compiegne-abou-rabii.fr\/wp-content\/uploads\/2024\/08\/peri-implantite-cabinet-dentaire-docteur-abou-rabii-compiegne.webp\",\"width\":1500,\"height\":840,\"caption\":\"Keramikimplantate, Oralchirurgie in der Praxis der Dres. Abou Rabii, Schryve &amp; Obeid in Compi\u00e8gne (60200)\"},{\"@type\":\"BreadcrumbList\",\"@id\":\"https:\/\/dentiste-compiegne-abou-rabii.fr\/de\/zahnimplantat-in-der-naehe-von-chantilly\/#breadcrumb\",\"itemListElement\":[{\"@type\":\"ListItem\",\"position\":1,\"name\":\"Accueil\",\"item\":\"https:\/\/dentiste-compiegne-abou-rabii.fr\/de\/\"},{\"@type\":\"ListItem\",\"position\":2,\"name\":\"Zahnimplantat in der N\u00e4he von Chantilly\"}]},{\"@type\":\"WebSite\",\"@id\":\"https:\/\/dentiste-compiegne-abou-rabii.fr\/de\/#website\",\"url\":\"https:\/\/dentiste-compiegne-abou-rabii.fr\/de\/\",\"name\":\"Cabinet Smile Gallery\",\"description\":\"Cabinet Smile Gallery\",\"potentialAction\":[{\"@type\":\"SearchAction\",\"target\":{\"@type\":\"EntryPoint\",\"urlTemplate\":\"https:\/\/dentiste-compiegne-abou-rabii.fr\/de\/?s={search_term_string}\"},\"query-input\":{\"@type\":\"PropertyValueSpecification\",\"valueRequired\":true,\"valueName\":\"search_term_string\"}}],\"inLanguage\":\"de\"}]}<\/script>\n<!-- \/ Yoast SEO plugin. -->","yoast_head_json":{"title":"Zahnimplantat in der N\u00e4he von Chantilly | Smile Gallery | Compi\u00e8gne","description":"Zahnimplantate in der N\u00e4he von Chantilly: Finden Sie Ihr nat\u00fcrliches L\u00e4cheln in der Praxis der Dres. Abou Rabii & Obeid in Compi\u00e8gne wieder.","robots":{"index":"index","follow":"follow","max-snippet":"max-snippet:-1","max-image-preview":"max-image-preview:large","max-video-preview":"max-video-preview:-1"},"canonical":"https:\/\/dentiste-compiegne-abou-rabii.fr\/de\/zahnimplantat-in-der-naehe-von-chantilly\/","og_locale":"de_DE","og_type":"article","og_title":"Zahnimplantat in der N\u00e4he von Chantilly | Smile Gallery | Compi\u00e8gne","og_description":"Zahnimplantate in der N\u00e4he von Chantilly: Finden Sie Ihr nat\u00fcrliches L\u00e4cheln in der Praxis der Dres. Abou Rabii & Obeid in Compi\u00e8gne wieder.","og_url":"https:\/\/dentiste-compiegne-abou-rabii.fr\/de\/zahnimplantat-in-der-naehe-von-chantilly\/","og_site_name":"Cabinet Smile Gallery","article_modified_time":"2026-03-02T13:08:37+00:00","og_image":[{"width":1500,"height":840,"url":"https:\/\/dentiste-compiegne-abou-rabii.fr\/wp-content\/uploads\/2024\/08\/peri-implantite-cabinet-dentaire-docteur-abou-rabii-compiegne.webp","type":"image\/webp"}],"twitter_card":"summary_large_image","twitter_misc":{"Gesch\u00e4tzte Lesezeit":"4\u00a0Minute"},"schema":{"@context":"https:\/\/schema.org","@graph":[{"@type":"WebPage","@id":"https:\/\/dentiste-compiegne-abou-rabii.fr\/de\/zahnimplantat-in-der-naehe-von-chantilly\/","url":"https:\/\/dentiste-compiegne-abou-rabii.fr\/de\/zahnimplantat-in-der-naehe-von-chantilly\/","name":"Zahnimplantat in der N\u00e4he von Chantilly | Smile Gallery | Compi\u00e8gne","isPartOf":{"@id":"https:\/\/dentiste-compiegne-abou-rabii.fr\/de\/#website"},"primaryImageOfPage":{"@id":"https:\/\/dentiste-compiegne-abou-rabii.fr\/de\/zahnimplantat-in-der-naehe-von-chantilly\/#primaryimage"},"image":{"@id":"https:\/\/dentiste-compiegne-abou-rabii.fr\/de\/zahnimplantat-in-der-naehe-von-chantilly\/#primaryimage"},"thumbnailUrl":"https:\/\/dentiste-compiegne-abou-rabii.fr\/wp-content\/uploads\/2024\/08\/peri-implantite-cabinet-dentaire-docteur-abou-rabii-compiegne.webp","datePublished":"2024-11-12T07:14:15+00:00","dateModified":"2026-03-02T13:08:37+00:00","description":"Zahnimplantate in der N\u00e4he von Chantilly: Finden Sie Ihr nat\u00fcrliches L\u00e4cheln in der Praxis der Dres. Abou Rabii & Obeid in Compi\u00e8gne wieder.","breadcrumb":{"@id":"https:\/\/dentiste-compiegne-abou-rabii.fr\/de\/zahnimplantat-in-der-naehe-von-chantilly\/#breadcrumb"},"inLanguage":"de","potentialAction":[{"@type":"ReadAction","target":["https:\/\/dentiste-compiegne-abou-rabii.fr\/de\/zahnimplantat-in-der-naehe-von-chantilly\/"]}]},{"@type":"ImageObject","inLanguage":"de","@id":"https:\/\/dentiste-compiegne-abou-rabii.fr\/de\/zahnimplantat-in-der-naehe-von-chantilly\/#primaryimage","url":"https:\/\/dentiste-compiegne-abou-rabii.fr\/wp-content\/uploads\/2024\/08\/peri-implantite-cabinet-dentaire-docteur-abou-rabii-compiegne.webp","contentUrl":"https:\/\/dentiste-compiegne-abou-rabii.fr\/wp-content\/uploads\/2024\/08\/peri-implantite-cabinet-dentaire-docteur-abou-rabii-compiegne.webp","width":1500,"height":840,"caption":"Keramikimplantate, Oralchirurgie in der Praxis der Dres. Abou Rabii, Schryve &amp; Obeid in Compi\u00e8gne (60200)"},{"@type":"BreadcrumbList","@id":"https:\/\/dentiste-compiegne-abou-rabii.fr\/de\/zahnimplantat-in-der-naehe-von-chantilly\/#breadcrumb","itemListElement":[{"@type":"ListItem","position":1,"name":"Accueil","item":"https:\/\/dentiste-compiegne-abou-rabii.fr\/de\/"},{"@type":"ListItem","position":2,"name":"Zahnimplantat in der N\u00e4he von Chantilly"}]},{"@type":"WebSite","@id":"https:\/\/dentiste-compiegne-abou-rabii.fr\/de\/#website","url":"https:\/\/dentiste-compiegne-abou-rabii.fr\/de\/","name":"Cabinet Smile Gallery","description":"Cabinet Smile Gallery","potentialAction":[{"@type":"SearchAction","target":{"@type":"EntryPoint","urlTemplate":"https:\/\/dentiste-compiegne-abou-rabii.fr\/de\/?s={search_term_string}"},"query-input":{"@type":"PropertyValueSpecification","valueRequired":true,"valueName":"search_term_string"}}],"inLanguage":"de"}]}},"_links":{"self":[{"href":"https:\/\/dentiste-compiegne-abou-rabii.fr\/de\/wp-json\/wp\/v2\/pages\/1811","targetHints":{"allow":["GET"]}}],"collection":[{"href":"https:\/\/dentiste-compiegne-abou-rabii.fr\/de\/wp-json\/wp\/v2\/pages"}],"about":[{"href":"https:\/\/dentiste-compiegne-abou-rabii.fr\/de\/wp-json\/wp\/v2\/types\/page"}],"author":[{"embeddable":true,"href":"https:\/\/dentiste-compiegne-abou-rabii.fr\/de\/wp-json\/wp\/v2\/users\/1"}],"replies":[{"embeddable":true,"href":"https:\/\/dentiste-compiegne-abou-rabii.fr\/de\/wp-json\/wp\/v2\/comments?post=1811"}],"version-history":[{"count":5,"href":"https:\/\/dentiste-compiegne-abou-rabii.fr\/de\/wp-json\/wp\/v2\/pages\/1811\/revisions"}],"predecessor-version":[{"id":2140,"href":"https:\/\/dentiste-compiegne-abou-rabii.fr\/de\/wp-json\/wp\/v2\/pages\/1811\/revisions\/2140"}],"wp:featuredmedia":[{"embeddable":true,"href":"https:\/\/dentiste-compiegne-abou-rabii.fr\/de\/wp-json\/wp\/v2\/media\/1730"}],"wp:attachment":[{"href":"https:\/\/dentiste-compiegne-abou-rabii.fr\/de\/wp-json\/wp\/v2\/media?parent=1811"}],"curies":[{"name":"wp","href":"https:\/\/api.w.org\/{rel}","templated":true}]}}