{"id":1805,"date":"2024-11-12T07:22:25","date_gmt":"2024-11-12T07:22:25","guid":{"rendered":"https:\/\/dentiste-compiegne-abou-rabii.fr\/zahnimplantat-bei-beauvais\/"},"modified":"2026-03-02T13:07:22","modified_gmt":"2026-03-02T13:07:22","slug":"zahnimplantat-bei-beauvais","status":"publish","type":"page","link":"https:\/\/dentiste-compiegne-abou-rabii.fr\/de\/zahnimplantat-bei-beauvais\/","title":{"rendered":"Zahnimplantat bei Beauvais"},"content":{"rendered":"\n<p>Ein Zahnimplantat ist eine zuverl\u00e4ssige und dauerhafte L\u00f6sung, um einen fehlenden Zahn zu ersetzen. Aus Titan gefertigt, fungiert dieses Implantat als k\u00fcnstliche Wurzel, die in den Kieferknochen eingesetzt wird, um eine Krone, eine Br\u00fccke oder eine Prothese zu tragen. Diese Vorrichtung bietet eine solide Basis f\u00fcr k\u00fcnstliche Z\u00e4hne und gew\u00e4hrleistet ein nat\u00fcrliches Ergebnis. Die Zahnarztpraxis der Doktoren Abou Rabii &amp; Obeid, in der N\u00e4he von Beauvais gelegen, ist auf diese Art der Behandlung spezialisiert. Dort erhalten Sie eine aufmerksame Betreuung und pers\u00f6nliche Beratung, um das bestm\u00f6gliche Ergebnis zu erzielen.<\/p>\n\n\n\n<h2 class=\"wp-block-heading\">Die Stadt Beauvais<\/h2>\n\n\n\n<p>Beauvais ist eine charmante Stadt im D\u00e9partement Oise, in der Region Hauts-de-France. Sie ist bekannt f\u00fcr ihr architektonisches und kulturelles Erbe, insbesondere f\u00fcr die majest\u00e4tische Kathedrale Saint-Pierre. Etwa 60 Kilometer von Compi\u00e8gne entfernt, bietet diese N\u00e4he den Bewohnern von Beauvais einen <g id=\"gid_0\">einfachen Zugang zur Zahnarztpraxis der Doktoren Abou Rabii &amp; Obeid<\/g>, die in Compi\u00e8gne ans\u00e4ssig ist. Dank dieser Lage k\u00f6nnen Sie hochwertige Behandlungen in weniger als einer Stunde Fahrtzeit in Anspruch nehmen.<\/p>\n\n\n\n<h2 class=\"wp-block-heading\">Die Vorteile eines Zahnimplantats<\/h2>\n\n\n\n<p>Das Zahnimplantat bietet mehrere Vorteile f\u00fcr Ihre Mundgesundheit. Es stellt die \u00c4sthetik des L\u00e4chelns wieder her, hilft, den Kieferknochen zu erhalten, und erleichtert das Kauen. Im Gegensatz zu herk\u00f6mmlichen Br\u00fccken sch\u00e4digt es die Nachbarz\u00e4hne nicht, wodurch die nat\u00fcrliche Struktur Ihres Mundes erhalten bleibt. Wenn Sie sich f\u00fcr ein Zahnimplantat in der Praxis der Doktoren Abou Rabii &amp; Obeid entscheiden, profitieren Sie von einer dauerhaften L\u00f6sung. Diese personalisierte Behandlung hilft Ihnen, den Komfort und das Selbstvertrauen zur\u00fcckzugewinnen, unbeschwert zu l\u00e4cheln.<\/p>\n\n\n\n<h2 class=\"wp-block-heading\">Der Ablauf einer Zahnimplantatbehandlung<\/h2>\n\n\n\n<div class=\"wp-block-columns is-layout-flex wp-container-core-columns-is-layout-9d6595d7 wp-block-columns-is-layout-flex\">\n<div class=\"wp-block-column is-vertically-aligned-center is-layout-flow wp-block-column-is-layout-flow\">\n<p>Das Einsetzen eines Zahnimplantats umfasst mehrere Schritte, um ein optimales Ergebnis zu gew\u00e4hrleisten. Zuerst konsultieren Sie die Doktoren Abou Rabii &amp; Obeid, die Ihren Mundgesundheitszustand beurteilen, die Knochenqualit\u00e4t \u00fcberpr\u00fcfen und festlegen, ob vorbereitende Behandlungen erforderlich sind. Anschlie\u00dfend setzen sie das Implantat unter lokaler Bet\u00e4ubung in den Kieferknochen ein. Dieser Eingriff ist schmerzfrei und schnell. Nach einer Heilungsphase befestigen sie eine Krone auf dem Implantat, wodurch die Funktionalit\u00e4t und \u00c4sthetik Ihres fehlenden Zahnes wiederhergestellt werden.<\/p>\n<\/div>\n\n\n\n<div class=\"wp-block-column is-layout-flow wp-block-column-is-layout-flow\">\n<figure class=\"wp-block-image size-full\"><img decoding=\"async\" width=\"900\" height=\"600\" src=\"https:\/\/dentiste-compiegne-abou-rabii.fr\/wp-content\/uploads\/2024\/11\/implants-dentaires-cabinet-smile-gallery-compiegne.webp\" alt=\"\" class=\"wp-image-872\" srcset=\"https:\/\/dentiste-compiegne-abou-rabii.fr\/wp-content\/uploads\/2024\/11\/implants-dentaires-cabinet-smile-gallery-compiegne.webp 900w, https:\/\/dentiste-compiegne-abou-rabii.fr\/wp-content\/uploads\/2024\/11\/implants-dentaires-cabinet-smile-gallery-compiegne-300x200.webp 300w, https:\/\/dentiste-compiegne-abou-rabii.fr\/wp-content\/uploads\/2024\/11\/implants-dentaires-cabinet-smile-gallery-compiegne-768x512.webp 768w\" sizes=\"(max-width: 900px) 100vw, 900px\" \/><\/figure>\n<\/div>\n<\/div>\n\n\n\n<p><\/p>\n\n\n\n<h2 class=\"wp-block-heading\">Vorsichtsma\u00dfnahmen zur langfristigen Erhaltung Ihres Implantats<\/h2>\n\n\n\n<p>Um die Langlebigkeit Ihres Implantats zu gew\u00e4hrleisten, ist eine gute Mundhygiene unerl\u00e4sslich. Putzen Sie Ihre Z\u00e4hne mindestens zweimal t\u00e4glich mit einer geeigneten Zahnpasta. Vergessen Sie nicht, Zahnseide zu verwenden, um Plaque zwischen den Z\u00e4hnen zu entfernen. Suchen Sie regelm\u00e4\u00dfig die Zahnarztpraxis der Doktoren Abou Rabii &amp; Obeid zur Kontrolle auf. Diese Nachsorge erm\u00f6glicht es, Anzeichen von Komplikationen schnell zu erkennen und Infektionen zu vermeiden. Indem Sie diese Empfehlungen befolgen, maximieren Sie die Haltbarkeit Ihres Implantats.<\/p>\n\n\n\n<h2 class=\"wp-block-heading\">Praktische Tipps f\u00fcr den Erfolg Ihrer Behandlung<\/h2>\n\n\n\n<ul class=\"wp-block-list\">\n<li><strong>Vor der Behandlung<\/strong>: Konsultieren Sie Ihren Behandler f\u00fcr eine umfassende Beurteilung Ihrer Zahngesundheit.<\/li>\n\n\n\n<li><strong>Nach dem Eingriff<\/strong>: Vermeiden Sie es, in den ersten Wochen harte Speisen zu kauen, um eine gute Heilung zu erm\u00f6glichen.<\/li>\n\n\n\n<li><strong>T\u00e4gliche Hygiene<\/strong>: Verwenden Sie eine weiche Zahnb\u00fcrste und ersetzen Sie diese alle drei Monate f\u00fcr eine optimale Reinigung.<\/li>\n\n\n\n<li><strong>Vermeiden Sie Tabak<\/strong>: Tabak kann die Heilung beeintr\u00e4chtigen und das Infektionsrisiko um das Implantat erh\u00f6hen.<\/li>\n<\/ul>\n\n\n\n<p>Diese Gewohnheiten tragen dazu bei, die Gesundheit Ihres Implantats zu erhalten und Komplikationen zu vermeiden.<\/p>\n\n\n\n<h3 class=\"wp-block-heading\">Warum die Zahnarztpraxis der Doktoren Abou Rabii &amp; Obeid w\u00e4hlen?<\/h3>\n\n\n\n<p>Die Praxis der Doktoren Abou Rabii &amp; Obeid in Compi\u00e8gne empf\u00e4ngt Patienten aus Beauvais und Umgebung f\u00fcr ma\u00dfgeschneiderte implantologische Behandlungen. Die Praxis verf\u00fcgt \u00fcber ein erfahrenes Team, das Sie in jeder Phase begleitet. Von der ersten Konsultation bis zur postoperativen Nachsorge erhalten Sie pers\u00f6nliche Beratung und Betreuung. F\u00fcr ein stressfreies Erlebnis bietet die Praxis eine einladende und beruhigende Umgebung, ideal f\u00fcr Ihre Zahnbehandlungen.<\/p>\n\n\n\n<h3 class=\"wp-block-heading\">Vereinbaren Sie noch heute einen Termin<\/h3>\n\n\n\n<p>Wenn Sie ein Zahnimplantat in der N\u00e4he von Beauvais in Betracht ziehen, z\u00f6gern Sie nicht l\u00e4nger. Kontaktieren Sie die Zahnarztpraxis der Doktoren Abou Rabii &amp; Obeid in Compi\u00e8gne.<\/p>\n","protected":false},"excerpt":{"rendered":"<p>Ein Zahnimplantat ist eine zuverl\u00e4ssige und dauerhafte L\u00f6sung, um einen fehlenden Zahn zu ersetzen. Aus Titan gefertigt, fungiert dieses Implantat als k\u00fcnstliche Wurzel, die in den Kieferknochen eingesetzt wird, um eine Krone, eine Br\u00fccke oder eine Prothese zu tragen. Diese Vorrichtung bietet eine solide Basis f\u00fcr k\u00fcnstliche Z\u00e4hne und gew\u00e4hrleistet ein nat\u00fcrliches Ergebnis. Die Zahnarztpraxis <a href=\"https:\/\/dentiste-compiegne-abou-rabii.fr\/de\/zahnimplantat-bei-beauvais\/\">Read More&#8230;<\/a><\/p>\n","protected":false},"author":1,"featured_media":1804,"parent":0,"menu_order":12,"comment_status":"closed","ping_status":"closed","template":"page-content.php","meta":{"_acf_changed":false,"inline_featured_image":false,"footnotes":""},"class_list":["post-1805","page","type-page","status-publish","has-post-thumbnail","hentry"],"acf":[],"yoast_head":"<!-- This site is optimized with the Yoast SEO plugin v26.9 - https:\/\/yoast.com\/product\/yoast-seo-wordpress\/ -->\n<title>Zahnimplantat bei Beauvais | Smile Gallery | Compi\u00e8gne<\/title>\n<meta name=\"description\" content=\"Zahnimplantat bei Beauvais: Finden Sie Ihr L\u00e4cheln in der Praxis Smile Gallery wieder. Personalisierte Betreuung in Compi\u00e8gne.\" \/>\n<meta name=\"robots\" content=\"index, follow, max-snippet:-1, max-image-preview:large, max-video-preview:-1\" \/>\n<link rel=\"canonical\" href=\"https:\/\/dentiste-compiegne-abou-rabii.fr\/de\/zahnimplantat-bei-beauvais\/\" \/>\n<meta property=\"og:locale\" content=\"de_DE\" \/>\n<meta property=\"og:type\" content=\"article\" \/>\n<meta property=\"og:title\" content=\"Zahnimplantat bei Beauvais | Smile Gallery | Compi\u00e8gne\" \/>\n<meta property=\"og:description\" content=\"Zahnimplantat bei Beauvais: Finden Sie Ihr L\u00e4cheln in der Praxis Smile Gallery wieder. Personalisierte Betreuung in Compi\u00e8gne.\" \/>\n<meta property=\"og:url\" content=\"https:\/\/dentiste-compiegne-abou-rabii.fr\/de\/zahnimplantat-bei-beauvais\/\" \/>\n<meta property=\"og:site_name\" content=\"Cabinet Smile Gallery\" \/>\n<meta property=\"article:modified_time\" content=\"2026-03-02T13:07:22+00:00\" \/>\n<meta property=\"og:image\" content=\"https:\/\/dentiste-compiegne-abou-rabii.fr\/wp-content\/uploads\/2024\/08\/implant-unitaire-docteurs-abou-rabii-schryve-obeid-compiegne.webp\" \/>\n\t<meta property=\"og:image:width\" content=\"1380\" \/>\n\t<meta property=\"og:image:height\" content=\"780\" \/>\n\t<meta property=\"og:image:type\" content=\"image\/webp\" \/>\n<meta name=\"twitter:card\" content=\"summary_large_image\" \/>\n<meta name=\"twitter:label1\" content=\"Gesch\u00e4tzte Lesezeit\" \/>\n\t<meta name=\"twitter:data1\" content=\"4\u00a0Minute\" \/>\n<script type=\"application\/ld+json\" class=\"yoast-schema-graph\">{\"@context\":\"https:\/\/schema.org\",\"@graph\":[{\"@type\":\"WebPage\",\"@id\":\"https:\/\/dentiste-compiegne-abou-rabii.fr\/de\/zahnimplantat-bei-beauvais\/\",\"url\":\"https:\/\/dentiste-compiegne-abou-rabii.fr\/de\/zahnimplantat-bei-beauvais\/\",\"name\":\"Zahnimplantat bei Beauvais | Smile Gallery | Compi\u00e8gne\",\"isPartOf\":{\"@id\":\"https:\/\/dentiste-compiegne-abou-rabii.fr\/de\/#website\"},\"primaryImageOfPage\":{\"@id\":\"https:\/\/dentiste-compiegne-abou-rabii.fr\/de\/zahnimplantat-bei-beauvais\/#primaryimage\"},\"image\":{\"@id\":\"https:\/\/dentiste-compiegne-abou-rabii.fr\/de\/zahnimplantat-bei-beauvais\/#primaryimage\"},\"thumbnailUrl\":\"https:\/\/dentiste-compiegne-abou-rabii.fr\/wp-content\/uploads\/2024\/08\/implant-unitaire-docteurs-abou-rabii-schryve-obeid-compiegne.webp\",\"datePublished\":\"2024-11-12T07:22:25+00:00\",\"dateModified\":\"2026-03-02T13:07:22+00:00\",\"description\":\"Zahnimplantat bei Beauvais: Finden Sie Ihr L\u00e4cheln in der Praxis Smile Gallery wieder. Personalisierte Betreuung in Compi\u00e8gne.\",\"breadcrumb\":{\"@id\":\"https:\/\/dentiste-compiegne-abou-rabii.fr\/de\/zahnimplantat-bei-beauvais\/#breadcrumb\"},\"inLanguage\":\"de\",\"potentialAction\":[{\"@type\":\"ReadAction\",\"target\":[\"https:\/\/dentiste-compiegne-abou-rabii.fr\/de\/zahnimplantat-bei-beauvais\/\"]}]},{\"@type\":\"ImageObject\",\"inLanguage\":\"de\",\"@id\":\"https:\/\/dentiste-compiegne-abou-rabii.fr\/de\/zahnimplantat-bei-beauvais\/#primaryimage\",\"url\":\"https:\/\/dentiste-compiegne-abou-rabii.fr\/wp-content\/uploads\/2024\/08\/implant-unitaire-docteurs-abou-rabii-schryve-obeid-compiegne.webp\",\"contentUrl\":\"https:\/\/dentiste-compiegne-abou-rabii.fr\/wp-content\/uploads\/2024\/08\/implant-unitaire-docteurs-abou-rabii-schryve-obeid-compiegne.webp\",\"width\":1380,\"height\":780,\"caption\":\"Keramikzahnimplantate: Behandlungen in der Praxis Smile Gallery in Compi\u00e8gne (60200)\"},{\"@type\":\"BreadcrumbList\",\"@id\":\"https:\/\/dentiste-compiegne-abou-rabii.fr\/de\/zahnimplantat-bei-beauvais\/#breadcrumb\",\"itemListElement\":[{\"@type\":\"ListItem\",\"position\":1,\"name\":\"Accueil\",\"item\":\"https:\/\/dentiste-compiegne-abou-rabii.fr\/de\/\"},{\"@type\":\"ListItem\",\"position\":2,\"name\":\"Zahnimplantat bei Beauvais\"}]},{\"@type\":\"WebSite\",\"@id\":\"https:\/\/dentiste-compiegne-abou-rabii.fr\/de\/#website\",\"url\":\"https:\/\/dentiste-compiegne-abou-rabii.fr\/de\/\",\"name\":\"Cabinet Smile Gallery\",\"description\":\"Cabinet Smile Gallery\",\"potentialAction\":[{\"@type\":\"SearchAction\",\"target\":{\"@type\":\"EntryPoint\",\"urlTemplate\":\"https:\/\/dentiste-compiegne-abou-rabii.fr\/de\/?s={search_term_string}\"},\"query-input\":{\"@type\":\"PropertyValueSpecification\",\"valueRequired\":true,\"valueName\":\"search_term_string\"}}],\"inLanguage\":\"de\"}]}<\/script>\n<!-- \/ Yoast SEO plugin. -->","yoast_head_json":{"title":"Zahnimplantat bei Beauvais | Smile Gallery | Compi\u00e8gne","description":"Zahnimplantat bei Beauvais: Finden Sie Ihr L\u00e4cheln in der Praxis Smile Gallery wieder. Personalisierte Betreuung in Compi\u00e8gne.","robots":{"index":"index","follow":"follow","max-snippet":"max-snippet:-1","max-image-preview":"max-image-preview:large","max-video-preview":"max-video-preview:-1"},"canonical":"https:\/\/dentiste-compiegne-abou-rabii.fr\/de\/zahnimplantat-bei-beauvais\/","og_locale":"de_DE","og_type":"article","og_title":"Zahnimplantat bei Beauvais | Smile Gallery | Compi\u00e8gne","og_description":"Zahnimplantat bei Beauvais: Finden Sie Ihr L\u00e4cheln in der Praxis Smile Gallery wieder. Personalisierte Betreuung in Compi\u00e8gne.","og_url":"https:\/\/dentiste-compiegne-abou-rabii.fr\/de\/zahnimplantat-bei-beauvais\/","og_site_name":"Cabinet Smile Gallery","article_modified_time":"2026-03-02T13:07:22+00:00","og_image":[{"width":1380,"height":780,"url":"https:\/\/dentiste-compiegne-abou-rabii.fr\/wp-content\/uploads\/2024\/08\/implant-unitaire-docteurs-abou-rabii-schryve-obeid-compiegne.webp","type":"image\/webp"}],"twitter_card":"summary_large_image","twitter_misc":{"Gesch\u00e4tzte Lesezeit":"4\u00a0Minute"},"schema":{"@context":"https:\/\/schema.org","@graph":[{"@type":"WebPage","@id":"https:\/\/dentiste-compiegne-abou-rabii.fr\/de\/zahnimplantat-bei-beauvais\/","url":"https:\/\/dentiste-compiegne-abou-rabii.fr\/de\/zahnimplantat-bei-beauvais\/","name":"Zahnimplantat bei Beauvais | Smile Gallery | Compi\u00e8gne","isPartOf":{"@id":"https:\/\/dentiste-compiegne-abou-rabii.fr\/de\/#website"},"primaryImageOfPage":{"@id":"https:\/\/dentiste-compiegne-abou-rabii.fr\/de\/zahnimplantat-bei-beauvais\/#primaryimage"},"image":{"@id":"https:\/\/dentiste-compiegne-abou-rabii.fr\/de\/zahnimplantat-bei-beauvais\/#primaryimage"},"thumbnailUrl":"https:\/\/dentiste-compiegne-abou-rabii.fr\/wp-content\/uploads\/2024\/08\/implant-unitaire-docteurs-abou-rabii-schryve-obeid-compiegne.webp","datePublished":"2024-11-12T07:22:25+00:00","dateModified":"2026-03-02T13:07:22+00:00","description":"Zahnimplantat bei Beauvais: Finden Sie Ihr L\u00e4cheln in der Praxis Smile Gallery wieder. Personalisierte Betreuung in Compi\u00e8gne.","breadcrumb":{"@id":"https:\/\/dentiste-compiegne-abou-rabii.fr\/de\/zahnimplantat-bei-beauvais\/#breadcrumb"},"inLanguage":"de","potentialAction":[{"@type":"ReadAction","target":["https:\/\/dentiste-compiegne-abou-rabii.fr\/de\/zahnimplantat-bei-beauvais\/"]}]},{"@type":"ImageObject","inLanguage":"de","@id":"https:\/\/dentiste-compiegne-abou-rabii.fr\/de\/zahnimplantat-bei-beauvais\/#primaryimage","url":"https:\/\/dentiste-compiegne-abou-rabii.fr\/wp-content\/uploads\/2024\/08\/implant-unitaire-docteurs-abou-rabii-schryve-obeid-compiegne.webp","contentUrl":"https:\/\/dentiste-compiegne-abou-rabii.fr\/wp-content\/uploads\/2024\/08\/implant-unitaire-docteurs-abou-rabii-schryve-obeid-compiegne.webp","width":1380,"height":780,"caption":"Keramikzahnimplantate: Behandlungen in der Praxis Smile Gallery in Compi\u00e8gne (60200)"},{"@type":"BreadcrumbList","@id":"https:\/\/dentiste-compiegne-abou-rabii.fr\/de\/zahnimplantat-bei-beauvais\/#breadcrumb","itemListElement":[{"@type":"ListItem","position":1,"name":"Accueil","item":"https:\/\/dentiste-compiegne-abou-rabii.fr\/de\/"},{"@type":"ListItem","position":2,"name":"Zahnimplantat bei Beauvais"}]},{"@type":"WebSite","@id":"https:\/\/dentiste-compiegne-abou-rabii.fr\/de\/#website","url":"https:\/\/dentiste-compiegne-abou-rabii.fr\/de\/","name":"Cabinet Smile Gallery","description":"Cabinet Smile Gallery","potentialAction":[{"@type":"SearchAction","target":{"@type":"EntryPoint","urlTemplate":"https:\/\/dentiste-compiegne-abou-rabii.fr\/de\/?s={search_term_string}"},"query-input":{"@type":"PropertyValueSpecification","valueRequired":true,"valueName":"search_term_string"}}],"inLanguage":"de"}]}},"_links":{"self":[{"href":"https:\/\/dentiste-compiegne-abou-rabii.fr\/de\/wp-json\/wp\/v2\/pages\/1805","targetHints":{"allow":["GET"]}}],"collection":[{"href":"https:\/\/dentiste-compiegne-abou-rabii.fr\/de\/wp-json\/wp\/v2\/pages"}],"about":[{"href":"https:\/\/dentiste-compiegne-abou-rabii.fr\/de\/wp-json\/wp\/v2\/types\/page"}],"author":[{"embeddable":true,"href":"https:\/\/dentiste-compiegne-abou-rabii.fr\/de\/wp-json\/wp\/v2\/users\/1"}],"replies":[{"embeddable":true,"href":"https:\/\/dentiste-compiegne-abou-rabii.fr\/de\/wp-json\/wp\/v2\/comments?post=1805"}],"version-history":[{"count":2,"href":"https:\/\/dentiste-compiegne-abou-rabii.fr\/de\/wp-json\/wp\/v2\/pages\/1805\/revisions"}],"predecessor-version":[{"id":2135,"href":"https:\/\/dentiste-compiegne-abou-rabii.fr\/de\/wp-json\/wp\/v2\/pages\/1805\/revisions\/2135"}],"wp:featuredmedia":[{"embeddable":true,"href":"https:\/\/dentiste-compiegne-abou-rabii.fr\/de\/wp-json\/wp\/v2\/media\/1804"}],"wp:attachment":[{"href":"https:\/\/dentiste-compiegne-abou-rabii.fr\/de\/wp-json\/wp\/v2\/media?parent=1805"}],"curies":[{"name":"wp","href":"https:\/\/api.w.org\/{rel}","templated":true}]}}