{"id":1799,"date":"2024-11-12T07:38:15","date_gmt":"2024-11-12T07:38:15","guid":{"rendered":"https:\/\/dentiste-compiegne-abou-rabii.fr\/zahnimplantat-bei-senlis\/"},"modified":"2026-03-02T13:06:01","modified_gmt":"2026-03-02T13:06:01","slug":"zahnimplantat-bei-senlis","status":"publish","type":"page","link":"https:\/\/dentiste-compiegne-abou-rabii.fr\/de\/zahnimplantat-bei-senlis\/","title":{"rendered":"Zahnimplantat bei Senlis"},"content":{"rendered":"\n<p>Ein Zahnimplantat ist eine effektive L\u00f6sung, um einen oder mehrere fehlende Z\u00e4hne zu ersetzen. Dieses Implantat, oft aus Titan, wird im Kieferknochen platziert, um dort die Rolle einer k\u00fcnstlichen Zahnwurzel zu \u00fcbernehmen. Es dient als fester Halt f\u00fcr eine Krone oder Prothese und bietet somit eine dauerhafte Alternative zu anderen Zahnersatzl\u00f6sungen. Die <a href=\"https:\/\/www.google.com\/maps\/place\/Cabinet+Dentaire+Dr+ABOU-RABII\/@49.4221646,2.8271453,733m\/data=!3m2!1e3!4b1!4m6!3m5!1s0x47e7d682496faaed:0x6bf488a796af9c7c!8m2!3d49.4221611!4d2.8297202!16s%2Fg%2F11byyh2btk?authuser=0&amp;entry=ttu&amp;g_ep=EgoyMDI0MDgyMC4xIKXMDSoASAFQAw%3D%3D\" target=\"_blank\" rel=\"noreferrer noopener nofollow\">Zahnarztpraxis der Doktoren Abou Rabii &amp; Obeid<\/a>, in Compi\u00e8gne, bei Senlis gelegen, bietet diese Behandlung an, um die \u00c4sthetik und Funktionalit\u00e4t Ihres L\u00e4chelns wiederherzustellen.<\/p>\n\n\n\n<h2 class=\"wp-block-heading\">Die Stadt Senlis<\/h2>\n\n\n\n<p>Senlis ist eine charmante Stadt im D\u00e9partement Oise, in der Region Hauts-de-France. Sie liegt etwa 20 Kilometer von Compi\u00e8gne entfernt, wo sich die Zahnarztpraxis der Doktoren Abou Rabii &amp; Obeid befindet. Diese Praxis ist f\u00fcr die Bewohner von Senlis und Umgebung leicht erreichbar. Compi\u00e8gne ist auch gut an den \u00f6ffentlichen Nahverkehr angebunden, was Ihre Anreise zu einem Beratungstermin oder zur Zahnimplantatbehandlung erleichtert.<\/p>\n\n\n\n<h2 class=\"wp-block-heading\">Zahnimplantate: Eine zuverl\u00e4ssige und dauerhafte L\u00f6sung<\/h2>\n\n\n\n<p>Ein <a href=\"https:\/\/dentiste-compiegne-abou-rabii.fr\/de\/zahnimplantologie\/keramische-zahnimplantate\/\">Zahnimplantat<\/a> ist dazu konzipiert, die Wurzel eines fehlenden nat\u00fcrlichen Zahnes zu ersetzen. Diese k\u00fcnstliche Wurzel wird im Kieferknochen befestigt und dient als solide Basis f\u00fcr das Einsetzen einer Krone, einer Br\u00fccke oder einer Zahnprothese. Zahnimplantate integrieren sich nat\u00fcrlich in den Kieferknochen und f\u00f6rdern so eine bessere Stabilit\u00e4t und dauerhaften Komfort.  <\/p>\n\n\n\n<h2 class=\"wp-block-heading\">Welche Vorteile haben Zahnimplantate?<\/h2>\n\n\n\n<p><\/p>\n\n\n\n<div class=\"wp-block-columns is-layout-flex wp-container-core-columns-is-layout-9d6595d7 wp-block-columns-is-layout-flex\">\n<div class=\"wp-block-column is-layout-flow wp-block-column-is-layout-flow\">\n<figure class=\"wp-block-image size-full\"><img decoding=\"async\" width=\"900\" height=\"600\" src=\"https:\/\/dentiste-compiegne-abou-rabii.fr\/wp-content\/uploads\/2024\/11\/pose-implants-dentaires-cabinet-smile-gallery-compiegne.webp\" alt=\"\" class=\"wp-image-876\" srcset=\"https:\/\/dentiste-compiegne-abou-rabii.fr\/wp-content\/uploads\/2024\/11\/pose-implants-dentaires-cabinet-smile-gallery-compiegne.webp 900w, https:\/\/dentiste-compiegne-abou-rabii.fr\/wp-content\/uploads\/2024\/11\/pose-implants-dentaires-cabinet-smile-gallery-compiegne-300x200.webp 300w, https:\/\/dentiste-compiegne-abou-rabii.fr\/wp-content\/uploads\/2024\/11\/pose-implants-dentaires-cabinet-smile-gallery-compiegne-768x512.webp 768w\" sizes=\"(max-width: 900px) 100vw, 900px\" \/><\/figure>\n<\/div>\n\n\n\n<div class=\"wp-block-column is-layout-flow wp-block-column-is-layout-flow\">\n<p>Zahnimplantate bieten mehrere wichtige Vorteile:<\/p>\n\n\n\n<ul class=\"wp-block-list\">\n<li><strong>Stabilit\u00e4t<\/strong>: Die Implantate bieten eine stabile Basis f\u00fcr Prothesen, was ein leichtes und effektives Kauen erm\u00f6glicht.<\/li>\n\n\n\n<li><strong>\u00c4sthetik<\/strong>: Das Aussehen ist dem nat\u00fcrlicher Z\u00e4hne sehr \u00e4hnlich, was ein harmonisches Ergebnis gew\u00e4hrleistet.<\/li>\n\n\n\n<li><strong>Knochenerhalt<\/strong>: Implantate verhindern den Knochenverlust, der oft nach einer Zahnextraktion auftritt.<\/li>\n<\/ul>\n\n\n\n<p>In der Zahnarztpraxis der Doktoren Abou Rabii &amp; Obeid erhalten Sie eine personalisierte Betreuung f\u00fcr die Zahnimplantatversorgung. Dieses Team von Zahn\u00e4rzten begleitet Sie von der Erstberatung bis zur endg\u00fcltigen Platzierung des Implantats und der Krone.<\/p>\n<\/div>\n<\/div>\n\n\n\n<p><\/p>\n\n\n\n<h2 class=\"wp-block-heading\">Schritte der Implantatbehandlung<\/h2>\n\n\n\n<p>Der Prozess des Einsetzens eines Zahnimplantats umfasst mehrere wesentliche Schritte:<\/p>\n\n\n\n<ol class=\"wp-block-list\">\n<li><strong>Zun\u00e4chst die Erstberatung:<\/strong> Der Zahnarzt erstellt eine umfassende Beurteilung Ihrer Mundgesundheit, um zu pr\u00fcfen, ob Ihr Kiefer das Implantat aufnehmen kann.<\/li>\n\n\n\n<li><strong>Anschlie\u00dfend die Implantatsetzung:<\/strong> Sobald alles vorbereitet ist, setzt der Chirurg das Titanimplantat direkt in den Knochen ein.<\/li>\n\n\n\n<li><strong>Danach folgen Heilung und Osseointegration:<\/strong> Das Implantat w\u00e4chst im Laufe der Monate schrittweise in den Knochen ein, was eine solide Basis gew\u00e4hrleistet.<\/li>\n\n\n\n<li><strong>Schlie\u00dflich die Prothesenversorgung:<\/strong> Der Zahnarzt befestigt eine Krone oder Prothese auf dem Implantat, um die vollst\u00e4ndige Restauration abzuschlie\u00dfen.<\/li>\n<\/ol>\n\n\n\n<h2 class=\"wp-block-heading\">Wie pflegt man Zahnimplantate langfristig?<\/h2>\n\n\n\n<p>Um Ihre Zahnimplantate langfristig zu pflegen, ist eine regelm\u00e4\u00dfige Pflege unerl\u00e4sslich. Hier sind einige praktische Tipps, um die Gesundheit Ihres L\u00e4chelns zu erhalten und die Haltbarkeit Ihrer Implantate zu gew\u00e4hrleisten: <\/p>\n\n\n\n<p>Zun\u00e4chst ist die Mundhygiene von gr\u00f6\u00dfter Bedeutung. Putzen Sie Ihre Z\u00e4hne nach jeder Mahlzeit sorgf\u00e4ltig mit einer weichen Zahnb\u00fcrste, um Plaque zu entfernen. <\/p>\n\n\n\n<p>Des Weiteren wird die Verwendung von Zahnseide und Interdentalb\u00fcrsten dringend empfohlen. Diese Hilfsmittel erm\u00f6glichen es, Speisereste um das Implantat herum zu entfernen und so Entz\u00fcndungen vorzubeugen. <\/p>\n\n\n\n<p>Vergessen Sie schlie\u00dflich nicht die regelm\u00e4\u00dfigen Kontrolluntersuchungen. Suchen Sie die Zahnarztpraxis der Doktoren Abou Rabii &amp; Obeid mindestens zweimal j\u00e4hrlich auf. Diese Besuche erm\u00f6glichen es nicht nur, den Zustand Ihres Implantats, sondern auch den Ihres Zahnfleisches zu \u00fcberpr\u00fcfen, um eine optimale Mundgesundheit zu gew\u00e4hrleisten.<\/p>\n\n\n\n<h3 class=\"wp-block-heading\">Vereinbaren Sie jetzt einen Termin<\/h3>\n\n\n\n<p>Um mehr \u00fcber Zahnimplantate und die verf\u00fcgbaren Optionen zu erfahren, vereinbaren Sie einen Termin in der Zahnarztpraxis der Doktoren Abou Rabii &amp; Obeid in Compi\u00e8gne, bei Senlis. Diese Behandlung verbessert Ihren t\u00e4glichen Komfort und stellt Ihr L\u00e4cheln wieder her.<\/p>\n","protected":false},"excerpt":{"rendered":"<p>Ein Zahnimplantat ist eine effektive L\u00f6sung, um einen oder mehrere fehlende Z\u00e4hne zu ersetzen. Dieses Implantat, oft aus Titan, wird im Kieferknochen platziert, um dort die Rolle einer k\u00fcnstlichen Zahnwurzel zu \u00fcbernehmen. Es dient als fester Halt f\u00fcr eine Krone oder Prothese und bietet somit eine dauerhafte Alternative zu anderen Zahnersatzl\u00f6sungen. Die Zahnarztpraxis der Doktoren <a href=\"https:\/\/dentiste-compiegne-abou-rabii.fr\/de\/zahnimplantat-bei-senlis\/\">Read More&#8230;<\/a><\/p>\n","protected":false},"author":1,"featured_media":1798,"parent":0,"menu_order":9,"comment_status":"closed","ping_status":"closed","template":"page-content.php","meta":{"_acf_changed":false,"inline_featured_image":false,"footnotes":""},"class_list":["post-1799","page","type-page","status-publish","has-post-thumbnail","hentry"],"acf":[],"yoast_head":"<!-- This site is optimized with the Yoast SEO plugin v26.9 - https:\/\/yoast.com\/product\/yoast-seo-wordpress\/ -->\n<title>Zahnimplantat bei Senlis | Smile Gallery | Compi\u00e8gne<\/title>\n<meta name=\"description\" content=\"Zahnimplantate bei Senlis in der Praxis Smile Gallery in Compi\u00e8gne. Eine stabile und \u00e4sthetische L\u00f6sung zum Ersatz fehlender Z\u00e4hne.\" \/>\n<meta name=\"robots\" content=\"index, follow, max-snippet:-1, max-image-preview:large, max-video-preview:-1\" \/>\n<link rel=\"canonical\" href=\"https:\/\/dentiste-compiegne-abou-rabii.fr\/de\/zahnimplantat-bei-senlis\/\" \/>\n<meta property=\"og:locale\" content=\"de_DE\" \/>\n<meta property=\"og:type\" content=\"article\" \/>\n<meta property=\"og:title\" content=\"Zahnimplantat bei Senlis | Smile Gallery | Compi\u00e8gne\" \/>\n<meta property=\"og:description\" content=\"Zahnimplantate bei Senlis in der Praxis Smile Gallery in Compi\u00e8gne. Eine stabile und \u00e4sthetische L\u00f6sung zum Ersatz fehlender Z\u00e4hne.\" \/>\n<meta property=\"og:url\" content=\"https:\/\/dentiste-compiegne-abou-rabii.fr\/de\/zahnimplantat-bei-senlis\/\" \/>\n<meta property=\"og:site_name\" content=\"Cabinet Smile Gallery\" \/>\n<meta property=\"article:modified_time\" content=\"2026-03-02T13:06:01+00:00\" \/>\n<meta property=\"og:image\" content=\"https:\/\/dentiste-compiegne-abou-rabii.fr\/wp-content\/uploads\/2024\/08\/implant-basal-cabinet-dentaire-drs-abou-rabii-smile-gallery.webp\" \/>\n\t<meta property=\"og:image:width\" content=\"896\" \/>\n\t<meta property=\"og:image:height\" content=\"600\" \/>\n\t<meta property=\"og:image:type\" content=\"image\/webp\" \/>\n<meta name=\"twitter:card\" content=\"summary_large_image\" \/>\n<meta name=\"twitter:label1\" content=\"Gesch\u00e4tzte Lesezeit\" \/>\n\t<meta name=\"twitter:data1\" content=\"4\u00a0Minute\" \/>\n<script type=\"application\/ld+json\" class=\"yoast-schema-graph\">{\"@context\":\"https:\/\/schema.org\",\"@graph\":[{\"@type\":\"WebPage\",\"@id\":\"https:\/\/dentiste-compiegne-abou-rabii.fr\/de\/zahnimplantat-bei-senlis\/\",\"url\":\"https:\/\/dentiste-compiegne-abou-rabii.fr\/de\/zahnimplantat-bei-senlis\/\",\"name\":\"Zahnimplantat bei Senlis | Smile Gallery | Compi\u00e8gne\",\"isPartOf\":{\"@id\":\"https:\/\/dentiste-compiegne-abou-rabii.fr\/de\/#website\"},\"primaryImageOfPage\":{\"@id\":\"https:\/\/dentiste-compiegne-abou-rabii.fr\/de\/zahnimplantat-bei-senlis\/#primaryimage\"},\"image\":{\"@id\":\"https:\/\/dentiste-compiegne-abou-rabii.fr\/de\/zahnimplantat-bei-senlis\/#primaryimage\"},\"thumbnailUrl\":\"https:\/\/dentiste-compiegne-abou-rabii.fr\/wp-content\/uploads\/2024\/08\/implant-basal-cabinet-dentaire-drs-abou-rabii-smile-gallery.webp\",\"datePublished\":\"2024-11-12T07:38:15+00:00\",\"dateModified\":\"2026-03-02T13:06:01+00:00\",\"description\":\"Zahnimplantate bei Senlis in der Praxis Smile Gallery in Compi\u00e8gne. Eine stabile und \u00e4sthetische L\u00f6sung zum Ersatz fehlender Z\u00e4hne.\",\"breadcrumb\":{\"@id\":\"https:\/\/dentiste-compiegne-abou-rabii.fr\/de\/zahnimplantat-bei-senlis\/#breadcrumb\"},\"inLanguage\":\"de\",\"potentialAction\":[{\"@type\":\"ReadAction\",\"target\":[\"https:\/\/dentiste-compiegne-abou-rabii.fr\/de\/zahnimplantat-bei-senlis\/\"]}]},{\"@type\":\"ImageObject\",\"inLanguage\":\"de\",\"@id\":\"https:\/\/dentiste-compiegne-abou-rabii.fr\/de\/zahnimplantat-bei-senlis\/#primaryimage\",\"url\":\"https:\/\/dentiste-compiegne-abou-rabii.fr\/wp-content\/uploads\/2024\/08\/implant-basal-cabinet-dentaire-drs-abou-rabii-smile-gallery.webp\",\"contentUrl\":\"https:\/\/dentiste-compiegne-abou-rabii.fr\/wp-content\/uploads\/2024\/08\/implant-basal-cabinet-dentaire-drs-abou-rabii-smile-gallery.webp\",\"width\":896,\"height\":600,\"caption\":\"Das Basalimplantat in der Praxis Smile Gallery in Compi\u00e8gne\"},{\"@type\":\"BreadcrumbList\",\"@id\":\"https:\/\/dentiste-compiegne-abou-rabii.fr\/de\/zahnimplantat-bei-senlis\/#breadcrumb\",\"itemListElement\":[{\"@type\":\"ListItem\",\"position\":1,\"name\":\"Accueil\",\"item\":\"https:\/\/dentiste-compiegne-abou-rabii.fr\/de\/\"},{\"@type\":\"ListItem\",\"position\":2,\"name\":\"Zahnimplantat bei Senlis\"}]},{\"@type\":\"WebSite\",\"@id\":\"https:\/\/dentiste-compiegne-abou-rabii.fr\/de\/#website\",\"url\":\"https:\/\/dentiste-compiegne-abou-rabii.fr\/de\/\",\"name\":\"Cabinet Smile Gallery\",\"description\":\"Cabinet Smile Gallery\",\"potentialAction\":[{\"@type\":\"SearchAction\",\"target\":{\"@type\":\"EntryPoint\",\"urlTemplate\":\"https:\/\/dentiste-compiegne-abou-rabii.fr\/de\/?s={search_term_string}\"},\"query-input\":{\"@type\":\"PropertyValueSpecification\",\"valueRequired\":true,\"valueName\":\"search_term_string\"}}],\"inLanguage\":\"de\"}]}<\/script>\n<!-- \/ Yoast SEO plugin. -->","yoast_head_json":{"title":"Zahnimplantat bei Senlis | Smile Gallery | Compi\u00e8gne","description":"Zahnimplantate bei Senlis in der Praxis Smile Gallery in Compi\u00e8gne. Eine stabile und \u00e4sthetische L\u00f6sung zum Ersatz fehlender Z\u00e4hne.","robots":{"index":"index","follow":"follow","max-snippet":"max-snippet:-1","max-image-preview":"max-image-preview:large","max-video-preview":"max-video-preview:-1"},"canonical":"https:\/\/dentiste-compiegne-abou-rabii.fr\/de\/zahnimplantat-bei-senlis\/","og_locale":"de_DE","og_type":"article","og_title":"Zahnimplantat bei Senlis | Smile Gallery | Compi\u00e8gne","og_description":"Zahnimplantate bei Senlis in der Praxis Smile Gallery in Compi\u00e8gne. Eine stabile und \u00e4sthetische L\u00f6sung zum Ersatz fehlender Z\u00e4hne.","og_url":"https:\/\/dentiste-compiegne-abou-rabii.fr\/de\/zahnimplantat-bei-senlis\/","og_site_name":"Cabinet Smile Gallery","article_modified_time":"2026-03-02T13:06:01+00:00","og_image":[{"width":896,"height":600,"url":"https:\/\/dentiste-compiegne-abou-rabii.fr\/wp-content\/uploads\/2024\/08\/implant-basal-cabinet-dentaire-drs-abou-rabii-smile-gallery.webp","type":"image\/webp"}],"twitter_card":"summary_large_image","twitter_misc":{"Gesch\u00e4tzte Lesezeit":"4\u00a0Minute"},"schema":{"@context":"https:\/\/schema.org","@graph":[{"@type":"WebPage","@id":"https:\/\/dentiste-compiegne-abou-rabii.fr\/de\/zahnimplantat-bei-senlis\/","url":"https:\/\/dentiste-compiegne-abou-rabii.fr\/de\/zahnimplantat-bei-senlis\/","name":"Zahnimplantat bei Senlis | Smile Gallery | Compi\u00e8gne","isPartOf":{"@id":"https:\/\/dentiste-compiegne-abou-rabii.fr\/de\/#website"},"primaryImageOfPage":{"@id":"https:\/\/dentiste-compiegne-abou-rabii.fr\/de\/zahnimplantat-bei-senlis\/#primaryimage"},"image":{"@id":"https:\/\/dentiste-compiegne-abou-rabii.fr\/de\/zahnimplantat-bei-senlis\/#primaryimage"},"thumbnailUrl":"https:\/\/dentiste-compiegne-abou-rabii.fr\/wp-content\/uploads\/2024\/08\/implant-basal-cabinet-dentaire-drs-abou-rabii-smile-gallery.webp","datePublished":"2024-11-12T07:38:15+00:00","dateModified":"2026-03-02T13:06:01+00:00","description":"Zahnimplantate bei Senlis in der Praxis Smile Gallery in Compi\u00e8gne. Eine stabile und \u00e4sthetische L\u00f6sung zum Ersatz fehlender Z\u00e4hne.","breadcrumb":{"@id":"https:\/\/dentiste-compiegne-abou-rabii.fr\/de\/zahnimplantat-bei-senlis\/#breadcrumb"},"inLanguage":"de","potentialAction":[{"@type":"ReadAction","target":["https:\/\/dentiste-compiegne-abou-rabii.fr\/de\/zahnimplantat-bei-senlis\/"]}]},{"@type":"ImageObject","inLanguage":"de","@id":"https:\/\/dentiste-compiegne-abou-rabii.fr\/de\/zahnimplantat-bei-senlis\/#primaryimage","url":"https:\/\/dentiste-compiegne-abou-rabii.fr\/wp-content\/uploads\/2024\/08\/implant-basal-cabinet-dentaire-drs-abou-rabii-smile-gallery.webp","contentUrl":"https:\/\/dentiste-compiegne-abou-rabii.fr\/wp-content\/uploads\/2024\/08\/implant-basal-cabinet-dentaire-drs-abou-rabii-smile-gallery.webp","width":896,"height":600,"caption":"Das Basalimplantat in der Praxis Smile Gallery in Compi\u00e8gne"},{"@type":"BreadcrumbList","@id":"https:\/\/dentiste-compiegne-abou-rabii.fr\/de\/zahnimplantat-bei-senlis\/#breadcrumb","itemListElement":[{"@type":"ListItem","position":1,"name":"Accueil","item":"https:\/\/dentiste-compiegne-abou-rabii.fr\/de\/"},{"@type":"ListItem","position":2,"name":"Zahnimplantat bei Senlis"}]},{"@type":"WebSite","@id":"https:\/\/dentiste-compiegne-abou-rabii.fr\/de\/#website","url":"https:\/\/dentiste-compiegne-abou-rabii.fr\/de\/","name":"Cabinet Smile Gallery","description":"Cabinet Smile Gallery","potentialAction":[{"@type":"SearchAction","target":{"@type":"EntryPoint","urlTemplate":"https:\/\/dentiste-compiegne-abou-rabii.fr\/de\/?s={search_term_string}"},"query-input":{"@type":"PropertyValueSpecification","valueRequired":true,"valueName":"search_term_string"}}],"inLanguage":"de"}]}},"_links":{"self":[{"href":"https:\/\/dentiste-compiegne-abou-rabii.fr\/de\/wp-json\/wp\/v2\/pages\/1799","targetHints":{"allow":["GET"]}}],"collection":[{"href":"https:\/\/dentiste-compiegne-abou-rabii.fr\/de\/wp-json\/wp\/v2\/pages"}],"about":[{"href":"https:\/\/dentiste-compiegne-abou-rabii.fr\/de\/wp-json\/wp\/v2\/types\/page"}],"author":[{"embeddable":true,"href":"https:\/\/dentiste-compiegne-abou-rabii.fr\/de\/wp-json\/wp\/v2\/users\/1"}],"replies":[{"embeddable":true,"href":"https:\/\/dentiste-compiegne-abou-rabii.fr\/de\/wp-json\/wp\/v2\/comments?post=1799"}],"version-history":[{"count":5,"href":"https:\/\/dentiste-compiegne-abou-rabii.fr\/de\/wp-json\/wp\/v2\/pages\/1799\/revisions"}],"predecessor-version":[{"id":2134,"href":"https:\/\/dentiste-compiegne-abou-rabii.fr\/de\/wp-json\/wp\/v2\/pages\/1799\/revisions\/2134"}],"wp:featuredmedia":[{"embeddable":true,"href":"https:\/\/dentiste-compiegne-abou-rabii.fr\/de\/wp-json\/wp\/v2\/media\/1798"}],"wp:attachment":[{"href":"https:\/\/dentiste-compiegne-abou-rabii.fr\/de\/wp-json\/wp\/v2\/media?parent=1799"}],"curies":[{"name":"wp","href":"https:\/\/api.w.org\/{rel}","templated":true}]}}